{"id":244991,"date":"2026-05-05T09:30:53","date_gmt":"2026-05-05T09:30:53","guid":{"rendered":"https:\/\/www.sandgold.it\/?page_id=244991"},"modified":"2026-05-05T09:53:52","modified_gmt":"2026-05-05T09:53:52","slug":"campeggio-per-adulti","status":"publish","type":"page","link":"https:\/\/www.sandgold.it\/it\/campeggio\/campeggio-per-adulti\/","title":{"rendered":"Campeggio per adulti"},"content":{"rendered":"<p>[et_pb_section fb_built=&#8221;1&#8243; fullwidth=&#8221;on&#8221; admin_label=&#8221;Sektion&#8221; _builder_version=&#8221;4.27.6&#8243; _module_preset=&#8221;default&#8221; background_enable_image=&#8221;off&#8221; background_enable_video_mp4=&#8221;off&#8221; collapsed=&#8221;off&#8221; global_colors_info=&#8221;{}&#8221;][et_pb_fullwidth_slider _builder_version=&#8221;4.27.6&#8243; _module_preset=&#8221;default&#8221; min_height=&#8221;100vh&#8221; hover_enabled=&#8221;0&#8243; global_colors_info=&#8221;{}&#8221; sticky_enabled=&#8221;0&#8243;][et_pb_slide heading=&#8221;Camping Per Adulti&#8221; _builder_version=&#8221;4.27.6&#8243; _module_preset=&#8221;default&#8221; background_image=&#8221;https:\/\/www.sandgold.it\/wp-content\/uploads\/2026\/04\/sandgold-summer-morning-1008956-1-scaled.jpg&#8221; background_enable_image=&#8221;on&#8221; hover_enabled=&#8221;0&#8243; global_colors_info=&#8221;{}&#8221; sticky_transition=&#8221;on&#8221; sticky_enabled=&#8221;0&#8243;][\/et_pb_slide][et_pb_slide _builder_version=&#8221;4.27.6&#8243; _module_preset=&#8221;default&#8221; background_image=&#8221;https:\/\/www.sandgold.it\/wp-content\/uploads\/2026\/04\/sandgold-summer-morning-1008916-scaled.jpg&#8221; background_enable_image=&#8221;on&#8221; global_colors_info=&#8221;{}&#8221; sticky_transition=&#8221;on&#8221;][\/et_pb_slide][et_pb_slide _builder_version=&#8221;4.27.6&#8243; _module_preset=&#8221;default&#8221; background_image=&#8221;https:\/\/www.sandgold.it\/wp-content\/uploads\/2026\/04\/sandgold-flags.jpeg&#8221; background_enable_image=&#8221;on&#8221; global_colors_info=&#8221;{}&#8221; sticky_transition=&#8221;on&#8221;][\/et_pb_slide][et_pb_slide _builder_version=&#8221;4.27.6&#8243; _module_preset=&#8221;default&#8221; background_image=&#8221;https:\/\/www.sandgold.it\/wp-content\/uploads\/2026\/04\/morning-pool-scaled.jpg&#8221; background_enable_image=&#8221;on&#8221; global_colors_info=&#8221;{}&#8221; sticky_transition=&#8221;on&#8221;][\/et_pb_slide][\/et_pb_fullwidth_slider][\/et_pb_section][et_pb_section fb_built=&#8221;1&#8243; admin_label=&#8221;Header&#8221; _builder_version=&#8221;4.21.0&#8243; _module_preset=&#8221;default&#8221; background_color=&#8221;#5A6C54&#8243; background_enable_image=&#8221;off&#8221; parallax=&#8221;on&#8221; custom_margin=&#8221;||||false|false&#8221; custom_padding=&#8221;1px||0px|||&#8221; global_colors_info=&#8221;{}&#8221;][et_pb_row _builder_version=&#8221;4.27.6&#8243; _module_preset=&#8221;default&#8221; module_alignment=&#8221;center&#8221; custom_margin=&#8221;50px||||false|false&#8221; custom_padding=&#8221;||||false|false&#8221; global_colors_info=&#8221;{}&#8221;][et_pb_column type=&#8221;4_4&#8243; _builder_version=&#8221;4.16&#8243; _module_preset=&#8221;default&#8221; global_colors_info=&#8221;{}&#8221;][et_pb_text _builder_version=&#8221;4.27.6&#8243; _module_preset=&#8221;_initial&#8221; text_line_height=&#8221;1.8em&#8221; header_text_align=&#8221;left&#8221; header_2_letter_spacing=&#8221;1px&#8221; background_layout=&#8221;dark&#8221; custom_margin=&#8221;||40px||false|false&#8221; hover_enabled=&#8221;0&#8243; text_font_tablet=&#8221;&#8221; text_font_phone=&#8221;&#8221; text_font_last_edited=&#8221;on|desktop&#8221; text_font_size_tablet=&#8221;&#8221; text_font_size_phone=&#8221;14px&#8221; text_font_size_last_edited=&#8221;on|phone&#8221; global_colors_info=&#8221;{}&#8221; sticky_enabled=&#8221;0&#8243;]<\/p>\n<header>\n<h1>Adatto agli adulti \u2014 Un luogo con il proprio ritmo<\/h1>\n<p>Boutique Alpine Glamping a Sand in Taufers, Alto Adige<\/p>\n<p>&nbsp;<\/p>\n<\/header>\n<section>\n<h2>Jeder Campingplatz hat seine Zielgruppe \u2014 und das ist gut so<\/h2>\n<p class=\"font-claude-response-body break-words whitespace-normal leading-[1.7]\">S\u00c5NDG\u00d8LD \u00e8 piccolo. Volutamente piccolo. Non abbiamo scivoli in piscina, nessun parco giochi tra le piazzole, nessun programma di animazione nel pomeriggio. Quello che abbiamo sono 50 piazzole boutique, otto chalet su palafitte sopra un laghetto tranquillo, un paesaggio sauna che profuma di cembro, e notti in cui si torna a sentire il ruscello.<\/p>\n<p class=\"font-claude-response-body break-words whitespace-normal leading-[1.7]\">I nostri ospiti vengono per rallentare. Di giorno come di notte. Cercano ci\u00f2 che nei grandi resort va inevitabilmente perduto: tranquillit\u00e0, spazio e un&#8217;atmosfera rivolta agli adulti \u2014 non perch\u00e9 abbiamo qualcosa contro i bambini, ma perch\u00e9 vogliamo fare bene ci\u00f2 che sappiamo fare bene.<\/p>\n<p class=\"font-claude-response-body break-words whitespace-normal leading-[1.7]\">Per questo siamo <strong>Adatto Agli Adulti<\/strong>. Solo Non Adulti. Consigliamo S\u00c5NDG\u00d8LD a tutti coloro che apprezzano il ritmo di una pausa tranquilla e adulta: prima della fase familiare, quando i figli sono cresciuti e hanno lasciato casa, o semplicemente nel mezzo, in coppia.<\/p>\n<\/section>\n<p>[\/et_pb_text][et_pb_image src=&#8221;https:\/\/www.sandgold.it\/wp-content\/uploads\/2026\/04\/7327247-sandgold-alpine-glamping-0097-scaled.jpg&#8221; title_text=&#8221;7327247-sandgold-alpine-glamping-0097&#8243; _builder_version=&#8221;4.27.6&#8243; _module_preset=&#8221;default&#8221; global_colors_info=&#8221;{}&#8221;][\/et_pb_image][et_pb_text _builder_version=&#8221;4.27.6&#8243; _module_preset=&#8221;_initial&#8221; text_line_height=&#8221;1.8em&#8221; header_text_align=&#8221;left&#8221; header_2_letter_spacing=&#8221;1px&#8221; background_layout=&#8221;dark&#8221; custom_margin=&#8221;||40px||false|false&#8221; hover_enabled=&#8221;0&#8243; text_font_tablet=&#8221;&#8221; text_font_phone=&#8221;&#8221; text_font_last_edited=&#8221;on|desktop&#8221; text_font_size_tablet=&#8221;&#8221; text_font_size_phone=&#8221;14px&#8221; text_font_size_last_edited=&#8221;on|phone&#8221; global_colors_info=&#8221;{}&#8221; sticky_enabled=&#8221;0&#8243;]<\/p>\n<header>\n<section>\n<h2>Cosa significa Accoglienza per Soli Adulti per noi<\/h2>\n<p class=\"font-claude-response-body break-words whitespace-pre-wrap leading-[1.7]\">S\u00c5NDG\u00d8LD \u00e8 Adults Friendly, non Adults Only. Non escludiamo nessuno \u2014 ma siamo onesti su per chi \u00e8 fatto il nostro posto. Ragioniamo partendo dai nostri punti di forza, non contro qualcuno. Siamo per gli adulti, non contro i bambini.<\/p>\n<p class=\"font-claude-response-body break-words whitespace-normal leading-[1.7]\">I ragazzi dai 13 anni sono i benvenuti \u2014 e i nonni che li accompagnano ancora di pi\u00f9. Le famiglie con bambini pi\u00f9 piccoli non sono escluse. Vogliamo solo essere onesti in anticipo su cosa ci manca e cosa altri campeggi della regione sanno fare meglio.<\/p>\n<p>&nbsp;<\/p>\n<\/section>\n<section>\n<h2>Per chi \u00e8 fatto S\u00c5NDG\u00d8LD<\/h2>\n<ul>\n<li class=\"whitespace-normal break-words pl-2\">Coppie che cercano una pausa tranquilla e adulta insieme<\/li>\n<li class=\"whitespace-normal break-words pl-2\">Viaggiatori solitari che apprezzano il silenzio, la natura e il design<\/li>\n<li class=\"whitespace-normal break-words pl-2\">Ospiti in viaggio con ragazzi dai 13 anni in su<\/li>\n<li class=\"whitespace-normal break-words pl-2\">Nonni che arrivano con nipoti dai 13 anni<\/li>\n<li class=\"whitespace-normal break-words pl-2\">Persone prima della fase familiare o quando i figli hanno lasciato casa<\/li>\n<li class=\"whitespace-normal break-words pl-2\">Remote worker che trascorrono le loro giornate nella lounge del Greenhouse<\/li>\n<\/ul>\n<\/section>\n<section>\n<h2>a nostra offerta in sintesi<\/h2>\n<ul>\n<li class=\"whitespace-normal break-words pl-2\">50 piazzole boutique in sei categorie: Magnum Vista, Magnum, Aurum, Argentum, Cuprum, Eco<\/li>\n<li class=\"whitespace-normal break-words pl-2\">8 chalet su palafitte sopra un laghetto naturale<\/li>\n<li class=\"whitespace-normal break-words pl-2\">Cascade Sauna di circa 3.500 m\u00b2 (inclusa per gli ospiti dei chalet e delle piazzole Magnum Vista e Magnum)<\/li>\n<li class=\"whitespace-normal break-words pl-2\">Laghetto naturale, aperto da met\u00e0 maggio a inizio settembre<\/li>\n<li class=\"whitespace-normal break-words pl-2\">Greenhouse come spazio relax e di lavoro<\/li>\n<li class=\"whitespace-normal break-words pl-2\">Bar &amp; Pizzeria stagionale (16\u201422 ore, chiuso il marted\u00ec)<\/li>\n<\/ul>\n<\/section>\n<section>\n<h2>Perch\u00e9 non offriamo infrastrutture per bambini<\/h2>\n<p class=\"font-claude-response-body break-words whitespace-pre-wrap leading-[1.7]\">Perch\u00e9 non offriamo infrastrutture per bambini Siamo piccoli e abbiamo scelto consapevolmente di non fare tutto un po&#8217;, ma poche cose bene. Il nostro focus \u00e8 su un&#8217;atmosfera tranquilla e adulta \u2014 chalet su palafitte sopra il laghetto, un laghetto naturale, la Cascade Sauna. \u00c8 un&#8217;offerta di cui i bambini piccoli non hanno bisogno e che non possono particolarmente apprezzare.<\/p>\n<p class=\"font-claude-response-body break-words whitespace-normal leading-[1.7]\">L&#8217;Alto Adige ha campeggi meravigliosi pensati appositamente per le famiglie con bambini piccoli \u2014 con parchi giochi, animazione per bambini e aree piscina adeguate. L\u00ec le famiglie avranno un&#8217;esperienza di vacanza complessivamente migliore che da noi.<\/p>\n<p>&nbsp;<\/p>\n<\/section>\n<section>\n<h2>Una nota onesta per le famiglie con bambini pi\u00f9 piccoli<\/h2>\n<p>Chi vuole venire da noi con bambini sotto i 13 anni pu\u00f2 comunque prenotare. Vogliamo solo essere trasparenti in anticipo: il nostro posto non offre infrastrutture ludiche, nessuna animazione e nessuna area familiare. Non \u00e8 una casualit\u00e0, ma parte del nostro concetto. Chi sceglie consapevolmente un luogo tranquillo e adulto \u00e8 nel posto giusto da noi \u2014 chi cerca una vacanza familiare classica sar\u00e0 pi\u00f9 felice altrove.<\/p>\n<\/section>\n<\/header>\n<p>[\/et_pb_text][\/et_pb_column][\/et_pb_row][et_pb_row _builder_version=&#8221;4.27.6&#8243; _module_preset=&#8221;default&#8221; global_colors_info=&#8221;{}&#8221;][et_pb_column type=&#8221;4_4&#8243; _builder_version=&#8221;4.27.6&#8243; _module_preset=&#8221;default&#8221; global_colors_info=&#8221;{}&#8221;][et_pb_text _builder_version=&#8221;4.27.6&#8243; _module_preset=&#8221;_initial&#8221; header_text_color=&#8221;#FFFFFF&#8221; header_2_text_color=&#8221;#FFFFFF&#8221; hover_enabled=&#8221;0&#8243; global_colors_info=&#8221;{}&#8221; sticky_enabled=&#8221;0&#8243;]<\/p>\n<h2>Domande frequenti sul campeggio per adulti<\/h2>\n<p>[\/et_pb_text][et_pb_accordion _builder_version=&#8221;4.27.6&#8243; _module_preset=&#8221;default&#8221; toggle_level=&#8221;h3&#8243; global_colors_info=&#8221;{}&#8221;][et_pb_accordion_item title=&#8221;\u00c8 S\u00c5NDG\u00d8LD Un Posto Solo per Adulti?&#8221; open=&#8221;on&#8221; _builder_version=&#8221;4.27.6&#8243; _module_preset=&#8221;default&#8221; global_colors_info=&#8221;{}&#8221;]S\u00c5NDG\u00d8LD \u00e8 un luogo adatto agli adulti ma aperto a tutti. La nostra struttura \u00e8 pensata per offrire un&#8217;esperienza ottimale agli adulti in termini di dimensioni, design e atmosfera, pur accogliendo anche altri ospiti. Consigliamo S\u00c5NDG\u00d8LD in particolare a coppie, viaggiatori singoli e famiglie con adolescenti a partire dai 13 anni.[\/et_pb_accordion_item][et_pb_accordion_item title=&#8221;A Quale Et\u00e0 Sono Benvenuti i Bambini?&#8221; _builder_version=&#8221;4.27.6&#8243; _module_preset=&#8221;default&#8221; global_colors_info=&#8221;{}&#8221; open=&#8221;off&#8221;]I nostri ospiti a partire dai 13 anni si sentiranno particolarmente a loro agio da S\u00e5ndg\u00f8ld Alpine Glamping. Gli adolescenti che apprezzano la tranquillit\u00e0, la natura e la nostra area benessere si integrano perfettamente nella nostra struttura, sia che siano accompagnati dai genitori o dai nonni.[\/et_pb_accordion_item][et_pb_accordion_item title=&#8221;POSSIAMO FARE UNA PRENOTAZIONE CON BAMBINI PICCOLI?&#8221; _builder_version=&#8221;4.27.6&#8243; _module_preset=&#8221;default&#8221; global_colors_info=&#8221;{}&#8221; open=&#8221;off&#8221;]S\u00ec, \u00e8 possibile. Tuttavia, vogliamo essere onesti fin dall&#8217;inizio: non disponiamo di un&#8217;area giochi, di animazione per bambini o di una piscina adatta ai pi\u00f9 piccoli. Per le famiglie con bambini pi\u00f9 piccoli, ci sono in Alto Adige strutture specificamente progettate per loro, dove potrete vivere un&#8217;esperienza di vacanza molto pi\u00f9 completa.[\/et_pb_accordion_item][et_pb_accordion_item title=&#8221;Perch\u00e9 S\u00c5NDG\u00d8LD Non \u00c8 Consigliato per Bambini Pi\u00f9 Piccoli?&#8221; _builder_version=&#8221;4.27.6&#8243; _module_preset=&#8221;default&#8221; global_colors_info=&#8221;{}&#8221; open=&#8221;off&#8221;]Perch\u00e9 siamo piccoli e abbiamo scelto consapevolmente di non fare tutto un po&#8217;, ma di farlo bene. La nostra attenzione \u00e8 rivolta a creare un&#8217;atmosfera tranquilla e per adulti, un&#8217;offerta che i bambini piccoli non necessitano n\u00e9 possono apprezzare appieno.[\/et_pb_accordion_item][et_pb_accordion_item title=&#8221;Eccezioni Per Bambini O Bambini Tranquilli?&#8221; _builder_version=&#8221;4.27.6&#8243; _module_preset=&#8221;default&#8221; global_colors_info=&#8221;{}&#8221; open=&#8221;off&#8221;]Non facciamo eccezioni di et\u00e0 individuali perch\u00e9 vogliamo mantenere la nostra promessa a tutti gli ospiti in modo equo. La nostra raccomandazione di un&#8217;et\u00e0 minima di 13 anni si applica sia ai neonati che ai bambini delle scuole elementari.[\/et_pb_accordion_item][et_pb_accordion_item title=&#8221;Valido Tutto L&#8217;Anno?&#8221; _builder_version=&#8221;4.27.6&#8243; _module_preset=&#8221;default&#8221; global_colors_info=&#8221;{}&#8221; open=&#8221;off&#8221;]S\u00ec, la nostra posizione \u00e8 indipendente dalle stagioni: il nostro spazio \u00e8 autentico e rimane fedele a se stesso in ogni momento dell&#8217;anno.[\/et_pb_accordion_item][et_pb_accordion_item title=&#8221;Qual \u00c8 La Differenza Tra Adulti Friendly E Adulti Solo?&#8221; _builder_version=&#8221;4.27.6&#8243; _module_preset=&#8221;default&#8221; global_colors_info=&#8221;{}&#8221; open=&#8221;off&#8221;]Un&#8217;area solo per adulti esclude i bambini, mentre l&#8217;opzione per adulti friendly \u00e8 pensata per il pubblico adulto ma accoglie anche famiglie con bambini pi\u00f9 piccoli. Offriamo trasparenza sui nostri servizi e su ci\u00f2 che non possiamo offrire.[\/et_pb_accordion_item][\/et_pb_accordion][\/et_pb_column][\/et_pb_row][\/et_pb_section][et_pb_section fb_built=&#8221;1&#8243; admin_label=&#8221;Subscribe&#8221; _builder_version=&#8221;4.21.0&#8243; _module_preset=&#8221;default&#8221; background_color=&#8221;#3d4f3a&#8221; background_enable_image=&#8221;off&#8221; parallax=&#8221;on&#8221; custom_padding=&#8221;0px||||false|false&#8221; saved_tabs=&#8221;all&#8221; global_colors_info=&#8221;{}&#8221;][et_pb_row _builder_version=&#8221;4.16&#8243; _module_preset=&#8221;default&#8221; custom_padding=&#8221;3px|||||&#8221; global_colors_info=&#8221;{}&#8221;][et_pb_column type=&#8221;4_4&#8243; _builder_version=&#8221;4.16&#8243; _module_preset=&#8221;default&#8221; global_colors_info=&#8221;{}&#8221;][et_pb_signup mailchimp_list=&#8221;welcome@sandgoldit|7f5ef337ef&#8221; layout=&#8221;top_bottom&#8221; use_custom_fields=&#8221;on&#8221; title=&#8221;Newsletter&#8221; _builder_version=&#8221;4.27.4&#8243; _module_preset=&#8221;default&#8221; form_field_background_color=&#8221;#ffffff&#8221; form_field_font=&#8221;Karla||||||||&#8221; form_field_font_size=&#8221;16px&#8221; form_field_line_height=&#8221;1.8em&#8221; use_background_color=&#8221;off&#8221; custom_button=&#8221;on&#8221; button_text_size=&#8221;14px&#8221; button_text_color=&#8221;#ffffff&#8221; button_bg_color=&#8221;#C0AB6A&#8221; button_border_width=&#8221;0px&#8221; button_border_radius=&#8221;0px&#8221; button_letter_spacing=&#8221;2px&#8221; button_font=&#8221;|||on|||||&#8221; button_custom_padding=&#8221;15px|40px|15px|40px|true|true&#8221; max_width=&#8221;50%&#8221; max_width_tablet=&#8221;80%&#8221; max_width_phone=&#8221;&#8221; max_width_last_edited=&#8221;on|phone&#8221; module_alignment=&#8221;center&#8221; custom_padding=&#8221;40px||||false|false&#8221; form_field_font_size_tablet=&#8221;&#8221; form_field_font_size_phone=&#8221;14px&#8221; form_field_font_size_last_edited=&#8221;on|phone&#8221; border_radii_fields=&#8221;on|0px|0px|0px|0px&#8221; locked=&#8221;off&#8221; global_colors_info=&#8221;{}&#8221;][et_pb_signup_custom_field field_id=&#8221;21d436409c&#8221; field_title=&#8221;Language \/ Sprache \/ Lingua&#8221; field_type=&#8221;checkbox&#8221; checkbox_options=&#8221;%91{%22checked%22:0,%22value%22:%22English%22,%22id%22:%22b64be834bb%22},{%22checked%22:0,%22value%22:%22Deutsch%22,%22id%22:%2237874c00fa%22},{%22checked%22:0,%22value%22:%22Italiano%22,%22id%22:%22688f6e90f9%22}%93&#8243; _builder_version=&#8221;4.21.0&#8243; _module_preset=&#8221;default&#8221; global_colors_info=&#8221;{}&#8221; predefined_field=&#8221;21d436409c&#8221;][\/et_pb_signup_custom_field][\/et_pb_signup][\/et_pb_column][\/et_pb_row][\/et_pb_section]<\/p>\n","protected":false},"excerpt":{"rendered":"<p>Adatto agli adulti \u2014 Un luogo con il proprio ritmo Boutique Alpine Glamping a Sand in Taufers, Alto Adige &nbsp; Jeder Campingplatz hat seine Zielgruppe \u2014 und das ist gut so S\u00c5NDG\u00d8LD \u00e8 piccolo. Volutamente piccolo. Non abbiamo scivoli in piscina, nessun parco giochi tra le piazzole, nessun programma di animazione nel pomeriggio. Quello che [&hellip;]<\/p>\n","protected":false},"author":5,"featured_media":0,"parent":240605,"menu_order":0,"comment_status":"closed","ping_status":"closed","template":"","meta":{"_et_pb_use_builder":"on","_et_pb_old_content":"","_et_gb_content_width":"","footnotes":""},"class_list":["post-244991","page","type-page","status-publish","hentry"],"_links":{"self":[{"href":"https:\/\/www.sandgold.it\/it\/wp-json\/wp\/v2\/pages\/244991","targetHints":{"allow":["GET"]}}],"collection":[{"href":"https:\/\/www.sandgold.it\/it\/wp-json\/wp\/v2\/pages"}],"about":[{"href":"https:\/\/www.sandgold.it\/it\/wp-json\/wp\/v2\/types\/page"}],"author":[{"embeddable":true,"href":"https:\/\/www.sandgold.it\/it\/wp-json\/wp\/v2\/users\/5"}],"replies":[{"embeddable":true,"href":"https:\/\/www.sandgold.it\/it\/wp-json\/wp\/v2\/comments?post=244991"}],"version-history":[{"count":9,"href":"https:\/\/www.sandgold.it\/it\/wp-json\/wp\/v2\/pages\/244991\/revisions"}],"predecessor-version":[{"id":245244,"href":"https:\/\/www.sandgold.it\/it\/wp-json\/wp\/v2\/pages\/244991\/revisions\/245244"}],"up":[{"embeddable":true,"href":"https:\/\/www.sandgold.it\/it\/wp-json\/wp\/v2\/pages\/240605"}],"wp:attachment":[{"href":"https:\/\/www.sandgold.it\/it\/wp-json\/wp\/v2\/media?parent=244991"}],"curies":[{"name":"wp","href":"https:\/\/api.w.org\/{rel}","templated":true}]}}