{"id":241388,"date":"2023-07-14T14:08:37","date_gmt":"2023-07-14T14:08:37","guid":{"rendered":"https:\/\/www.sandgold.it\/campeggio\/scopri-il-campeggio-in-alto-adige-saandgoeld-alpine-glamping\/"},"modified":"2024-08-19T08:14:24","modified_gmt":"2024-08-19T08:14:24","slug":"scopri-il-campeggio-in-alto-adige-saandgoeld-alpine-glamping","status":"publish","type":"page","link":"https:\/\/www.sandgold.it\/it\/campeggio\/scopri-il-campeggio-in-alto-adige-saandgoeld-alpine-glamping\/","title":{"rendered":"Scopri il Campeggio in Alto Adige | S\u00e5ndg\u00f8ld Alpine Glamping"},"content":{"rendered":"<p>[et_pb_section fb_built=&#8221;1&#8243; fullwidth=&#8221;on&#8221; _builder_version=&#8221;4.21.0&#8243; _module_preset=&#8221;default&#8221; global_colors_info=&#8221;{}&#8221;][et_pb_fullwidth_slider _builder_version=&#8221;4.21.0&#8243; _module_preset=&#8221;default&#8221; height=&#8221;75vh&#8221; global_colors_info=&#8221;{}&#8221;][et_pb_slide heading=&#8221;Campeggio in Alto Adige&#8221; _builder_version=&#8221;4.21.0&#8243; _module_preset=&#8221;default&#8221; background_image=&#8221;https:\/\/www.sandgold.it\/wp-content\/uploads\/2023\/05\/sandgold-campingplatz-sans-in-taufers.jpg&#8221; background_enable_image=&#8221;on&#8221; global_colors_info=&#8221;{}&#8221; sticky_transition=&#8221;on&#8221;][\/et_pb_slide][\/et_pb_fullwidth_slider][\/et_pb_section][et_pb_section fb_built=&#8221;1&#8243; next_background_color=&#8221;#5A6C54&#8243; admin_label=&#8221;About&#8221; module_id=&#8221;content&#8221; _builder_version=&#8221;4.21.0&#8243; _module_preset=&#8221;default&#8221; background_color=&#8221;#5A6C54&#8243; background_image=&#8221;https:\/\/neu.sandgold.it\/wp-content\/uploads\/2023\/05\/background-woods-2-1.jpg&#8221; parallax=&#8221;on&#8221; custom_margin=&#8221;||||false|false&#8221; custom_padding=&#8221;||0px|||&#8221; bottom_divider_style=&#8221;mountains&#8221; global_colors_info=&#8221;{}&#8221;][et_pb_row _builder_version=&#8221;4.21.0&#8243; _module_preset=&#8221;default&#8221; max_width=&#8221;700px&#8221; module_alignment=&#8221;center&#8221; custom_padding=&#8221;||2px|||&#8221; global_colors_info=&#8221;{}&#8221;][et_pb_column type=&#8221;4_4&#8243; _builder_version=&#8221;4.16&#8243; _module_preset=&#8221;default&#8221; global_colors_info=&#8221;{}&#8221;][et_pb_text _builder_version=&#8221;4.21.0&#8243; _module_preset=&#8221;default&#8221; header_text_color=&#8221;#FFFFFF&#8221; header_2_text_color=&#8221;#FFFFFF&#8221; header_2_font_size=&#8221;50px&#8221; text_orientation=&#8221;center&#8221; header_2_font_size_tablet=&#8221;42px&#8221; header_2_font_size_phone=&#8221;26px&#8221; header_2_font_size_last_edited=&#8221;on|phone&#8221; header_2_line_height_tablet=&#8221;&#8221; header_2_line_height_phone=&#8221;1.2em&#8221; header_2_line_height_last_edited=&#8221;on|phone&#8221; global_colors_info=&#8221;{}&#8221;]<\/p>\n<h1>Benvenuti a S\u00e5ndg\u00f8ld Alpine Glamping: Un&#8217;esperienza di campeggio unica in Alto Adige<\/h1>\n<p>[\/et_pb_text][et_pb_text _builder_version=&#8221;4.21.0&#8243; _module_preset=&#8221;default&#8221; text_line_height=&#8221;1.8em&#8221; text_orientation=&#8221;center&#8221; background_layout=&#8221;dark&#8221; custom_margin=&#8221;||40px||false|false&#8221; text_font_tablet=&#8221;&#8221; text_font_phone=&#8221;&#8221; text_font_last_edited=&#8221;on|desktop&#8221; text_font_size_tablet=&#8221;&#8221; text_font_size_phone=&#8221;14px&#8221; text_font_size_last_edited=&#8221;on|phone&#8221; global_colors_info=&#8221;{}&#8221;]<\/p>\n<p>Nel cuore dell&#8217;Alto Adige, immerso tra montagne maestose e profonde foreste, si trova S\u00e5ndg\u00f8ld Alpine Glamping. In questo idilliaco contesto, offriamo un&#8217;esperienza di campeggio speciale nell&#8217;Ahrntal, a Campo Tures.<\/p>\n<h2>Servizi di prima classe per un campeggio indimenticabile<\/h2>\n<p>Da S\u00e5ndg\u00f8ld Alpine Glamping, vi aspetta un campeggio con tutti i comfort. Le nostre piazzole sono dotate di collegamenti per l&#8217;elettricit\u00e0, l&#8217;acqua potabile e le acque reflue. Inoltre, il nostro laghetto naturale invita al relax durante i mesi estivi.<\/p>\n<p>[\/et_pb_text][et_pb_image src=&#8221;https:\/\/www.sandgold.it\/wp-content\/uploads\/2024\/08\/sandgold-platzplan-juli-2024-2.png&#8221; _builder_version=&#8221;4.27.0&#8243; _module_preset=&#8221;default&#8221; alt=&#8221;Sandgold Pitch Plan&#8221; title_text=&#8221;sandgold-platzplan-juli-2024&#8243; hover_enabled=&#8221;0&#8243; sticky_enabled=&#8221;0&#8243; global_module=&#8221;243133&#8243; saved_tabs=&#8221;all&#8221;][\/et_pb_image][et_pb_text _builder_version=&#8221;4.21.0&#8243; _module_preset=&#8221;default&#8221; text_line_height=&#8221;1.8em&#8221; text_orientation=&#8221;center&#8221; background_layout=&#8221;dark&#8221; custom_margin=&#8221;||40px||false|false&#8221; text_font_tablet=&#8221;&#8221; text_font_phone=&#8221;&#8221; text_font_last_edited=&#8221;on|desktop&#8221; text_font_size_tablet=&#8221;&#8221; text_font_size_phone=&#8221;14px&#8221; text_font_size_last_edited=&#8221;on|phone&#8221; global_colors_info=&#8221;{}&#8221;]<\/p>\n<p>&nbsp;<\/p>\n<h3>Goditi la privacy e il comfort con i nostri bagni e la serra<\/h3>\n<p>I nostri bagni moderni vi offrono la massima privacy. Per gli ospiti che desiderano un comfort aggiuntivo, offriamo bagni privati in affitto. La nostra serra, dotata di un&#8217;accogliente lounge con camino e un invitante bar, offre tutti i servizi di cui avete bisogno per un&#8217;esperienza di campeggio riuscita.<\/p>\n<p>&nbsp;<\/p>\n<p>[\/et_pb_text][et_pb_image src=&#8221;https:\/\/www.sandgold.it\/wp-content\/uploads\/2024\/04\/sandgold-glamping-greenhouse-small-1.jpg&#8221; title_text=&#8221;sandgold-glamping-greenhouse-small-1&#8243; align=&#8221;center&#8221; _builder_version=&#8221;4.27.0&#8243; _module_preset=&#8221;default&#8221; width_tablet=&#8221;90%&#8221; width_phone=&#8221;90%&#8221; width_last_edited=&#8221;on|tablet&#8221; hover_enabled=&#8221;0&#8243; global_colors_info=&#8221;{}&#8221; alt=&#8221;Sandgold Alpine Glamping Greenhouse&#8221; sticky_enabled=&#8221;0&#8243;][\/et_pb_image][et_pb_text _builder_version=&#8221;4.21.0&#8243; _module_preset=&#8221;default&#8221; text_line_height=&#8221;1.8em&#8221; text_orientation=&#8221;center&#8221; background_layout=&#8221;dark&#8221; custom_margin=&#8221;||40px||false|false&#8221; text_font_tablet=&#8221;&#8221; text_font_phone=&#8221;&#8221; text_font_last_edited=&#8221;on|desktop&#8221; text_font_size_tablet=&#8221;&#8221; text_font_size_phone=&#8221;14px&#8221; text_font_size_last_edited=&#8221;on|phone&#8221; global_colors_info=&#8221;{}&#8221;]<\/p>\n<p>&nbsp;<\/p>\n<h2>Libert\u00e0 e Comfort: Scopri l&#8217;Esperienza di Campeggio Speciale in Alto Adige<\/h2>\n<p>S\u00e5ndg\u00f8ld Alpine Glamping unisce la libert\u00e0 della natura ad un alto livello di comfort. Le nostre piazzole sono disposte attorno a un laghetto naturale e offrono una vista mozzafiato. Sebbene siate in mezzo alla natura, siete a pochi passi da numerose attivit\u00e0 e attrazioni.<\/p>\n<h3>Bagni di alta qualit\u00e0 per il vostro soggiorno in campeggio<\/h3>\n<p>I nostri bagni nella serra sono centralmente situati e modernamente progettati. Ogni bagno \u00e8 separabile e offre un alto livello di privacy. Per gli ospiti che desiderano rendere l&#8217;esperienza di campeggio ancora pi\u00f9 personale, offriamo bagni privati in affitto.<\/p>\n<p>[\/et_pb_text][et_pb_text _builder_version=&#8221;4.21.0&#8243; _module_preset=&#8221;default&#8221; text_line_height=&#8221;1.8em&#8221; text_orientation=&#8221;center&#8221; background_layout=&#8221;dark&#8221; custom_margin=&#8221;||40px||false|false&#8221; text_font_tablet=&#8221;&#8221; text_font_phone=&#8221;&#8221; text_font_last_edited=&#8221;on|desktop&#8221; text_font_size_tablet=&#8221;&#8221; text_font_size_phone=&#8221;14px&#8221; text_font_size_last_edited=&#8221;on|phone&#8221; global_colors_info=&#8221;{}&#8221;]<\/p>\n<h2>Le nostre piazzole: campeggio unico in Alto Adige<\/h2>\n<p>S\u00e5ndg\u00f8ld Alpine Glamping offre diversi tipi di piazzole, quindi c&#8217;\u00e8 qualcosa per tutti. Tutte le nostre piazzole sono dotate di elettricit\u00e0 e collegamenti per l&#8217;acqua potabile e le acque reflue, e offrono un piacevole mix di comfort e libert\u00e0. In questo modo, potrete sfruttare al massimo il vostro soggiorno da noi.<\/p>\n<p>&nbsp;<\/p>\n<p>[\/et_pb_text][\/et_pb_column][\/et_pb_row][\/et_pb_section][et_pb_section fb_built=&#8221;1&#8243; admin_label=&#8221;About&#8221; module_id=&#8221;stellplaetze&#8221; _builder_version=&#8221;4.27.0&#8243; _module_preset=&#8221;default&#8221; background_color=&#8221;#5A6C54&#8243; background_enable_image=&#8221;off&#8221; parallax=&#8221;on&#8221; background_pattern_horizontal_offset=&#8221;0%&#8221; background_pattern_vertical_offset=&#8221;0%&#8221; custom_margin=&#8221;||||false|false&#8221; custom_padding=&#8221;||0px|||&#8221; top_divider_color=&#8221;#1a2c2a&#8221; hover_enabled=&#8221;0&#8243; global_colors_info=&#8221;{}&#8221; z_index=&#8221;1&#8243; sticky_enabled=&#8221;0&#8243;][et_pb_row _builder_version=&#8221;4.21.0&#8243; _module_preset=&#8221;default&#8221; max_width=&#8221;700px&#8221; module_alignment=&#8221;center&#8221; custom_padding=&#8221;||2px|||&#8221; scroll_fade_enable=&#8221;on&#8221; global_colors_info=&#8221;{}&#8221;][et_pb_column type=&#8221;4_4&#8243; _builder_version=&#8221;4.16&#8243; _module_preset=&#8221;default&#8221; global_colors_info=&#8221;{}&#8221;][et_pb_text _builder_version=&#8221;4.21.0&#8243; _module_preset=&#8221;default&#8221; header_2_text_color=&#8221;#FFFFFF&#8221; header_2_font_size=&#8221;50px&#8221; text_orientation=&#8221;center&#8221; header_2_font_size_tablet=&#8221;42px&#8221; header_2_font_size_phone=&#8221;26px&#8221; header_2_font_size_last_edited=&#8221;on|phone&#8221; header_2_line_height_tablet=&#8221;&#8221; header_2_line_height_phone=&#8221;1.2em&#8221; header_2_line_height_last_edited=&#8221;on|phone&#8221; global_colors_info=&#8221;{}&#8221;]<\/p>\n<h2>Piazzole<\/h2>\n<p>[\/et_pb_text][\/et_pb_column][\/et_pb_row][et_pb_row _builder_version=&#8221;4.21.0&#8243; _module_preset=&#8221;default&#8221; width_tablet=&#8221;90%&#8221; width_phone=&#8221;90%&#8221; width_last_edited=&#8221;on|tablet&#8221; global_colors_info=&#8221;{}&#8221; width__hover_enabled=&#8221;on|desktop&#8221;][et_pb_column type=&#8221;4_4&#8243; _builder_version=&#8221;4.21.0&#8243; _module_preset=&#8221;default&#8221; global_colors_info=&#8221;{}&#8221;][et_pb_code _builder_version=&#8221;4.27.0&#8243; _module_preset=&#8221;default&#8221; hover_enabled=&#8221;0&#8243; global_colors_info=&#8221;{}&#8221; sticky_enabled=&#8221;0&#8243;]<\/p>\n<div id=\"Bs-RoomsWidget\"><\/div>\n<p><!-- [et_pb_line_break_holder] --><script<!-- [et_pb_line_break_holder] -->  id=&#8221;booking-suedtirol-js&#8221;<!-- [et_pb_line_break_holder] -->  src=&#8221;https:\/\/widget.bookingsuedtirol.com\/v2\/bundle.js&#8221;<!-- [et_pb_line_break_holder] -->  defer<!-- [et_pb_line_break_holder] -->><\/script><!-- [et_pb_line_break_holder] --><script><!-- [et_pb_line_break_holder] -->  document<!-- [et_pb_line_break_holder] -->    .querySelector(\"#booking-suedtirol-js\")<!-- [et_pb_line_break_holder] -->    .addEventListener(\"load\", () => {<!-- [et_pb_line_break_holder] -->      BookingS\u00fcdtirol.Widgets.Rooms(\"#Bs-RoomsWidget\", {<!-- [et_pb_line_break_holder] -->        id: \"4de43b0b-789e-481f-8222-c434cdaef52b\",<!-- [et_pb_line_break_holder] -->        propertyId: 13594,<!-- [et_pb_line_break_holder] -->        lang: \"it\",<!-- [et_pb_line_break_holder] -->        layout: \"layout_6\",<!-- [et_pb_line_break_holder] -->        privacyURL: \"https:\/\/www.sandgold.it\/it\/protezione-dei-dati\/\",<!-- [et_pb_line_break_holder] -->        termsURL: \"https:\/\/www.sandgold.it\/it\/condizioni-generali\/\",<!-- [et_pb_line_break_holder] -->      });<!-- [et_pb_line_break_holder] -->    });<!-- [et_pb_line_break_holder] --><\/script>[\/et_pb_code][\/et_pb_column][\/et_pb_row][\/et_pb_section][et_pb_section fb_built=&#8221;1&#8243; admin_label=&#8221;Testimonial&#8221; module_id=&#8221;impressioni&#8221; _builder_version=&#8221;4.21.0&#8243; _module_preset=&#8221;default&#8221; background_color=&#8221;#5A6C54&#8243; custom_margin=&#8221;-21px|||||&#8221; custom_padding=&#8221;0px|||||&#8221; global_colors_info=&#8221;{}&#8221;][et_pb_row _builder_version=&#8221;4.21.0&#8243; _module_preset=&#8221;default&#8221; max_width=&#8221;700px&#8221; module_alignment=&#8221;center&#8221; custom_padding=&#8221;||2px|||&#8221; global_colors_info=&#8221;{}&#8221;][et_pb_column type=&#8221;4_4&#8243; _builder_version=&#8221;4.16&#8243; _module_preset=&#8221;default&#8221; global_colors_info=&#8221;{}&#8221;][et_pb_text _builder_version=&#8221;4.21.0&#8243; _module_preset=&#8221;default&#8221; text_line_height=&#8221;1.8em&#8221; text_orientation=&#8221;center&#8221; background_layout=&#8221;dark&#8221; custom_margin=&#8221;||40px||false|false&#8221; text_font_tablet=&#8221;&#8221; text_font_phone=&#8221;&#8221; text_font_last_edited=&#8221;on|desktop&#8221; text_font_size_tablet=&#8221;&#8221; text_font_size_phone=&#8221;14px&#8221; text_font_size_last_edited=&#8221;on|phone&#8221; global_colors_info=&#8221;{}&#8221;]<\/p>\n<h2>Campeggio Invernale in Alto Adige: Scopri la Bellezza della Stagione Fredda<\/h2>\n<p>Quando l&#8217;inverno trasforma l&#8217;Ahrntal in un paradiso bianco, noi di S\u00e5ndg\u00f8ld Alpine Glamping continuiamo ad aprire le nostre porte a camper entusiasti. Il paesaggio invernale dell&#8217;Alto Adige \u00e8 mozzafiato e offre numerose attivit\u00e0 come sci, slittino e escursioni invernali. Non vedete l&#8217;ora di vivere indimenticabili\u00a0esperienze di <em>campeggio invernale in Alto Adige<\/em>.<\/p>\n<p>[\/et_pb_text][et_pb_image src=&#8221;https:\/\/www.sandgold.it\/wp-content\/uploads\/2023\/07\/winter-camping-suedtirol-sandgold.jpg&#8221; title_text=&#8221;winter-camping-suedtirol-sandgold&#8221; align=&#8221;center&#8221; _builder_version=&#8221;4.21.0&#8243; _module_preset=&#8221;default&#8221; width_tablet=&#8221;90%&#8221; width_phone=&#8221;90%&#8221; width_last_edited=&#8221;on|tablet&#8221; global_colors_info=&#8221;{}&#8221;][\/et_pb_image][et_pb_text _builder_version=&#8221;4.21.0&#8243; _module_preset=&#8221;default&#8221; text_line_height=&#8221;1.8em&#8221; text_orientation=&#8221;center&#8221; background_layout=&#8221;dark&#8221; custom_margin=&#8221;||-2px||false|false&#8221; text_font_tablet=&#8221;&#8221; text_font_phone=&#8221;&#8221; text_font_last_edited=&#8221;on|desktop&#8221; text_font_size_tablet=&#8221;&#8221; text_font_size_phone=&#8221;14px&#8221; text_font_size_last_edited=&#8221;on|phone&#8221; global_colors_info=&#8221;{}&#8221;]<\/p>\n<p>&nbsp;<\/p>\n<h2>Campeggio Alto Adige con Cane: Il vostro amico a quattro zampe \u00e8 pi\u00f9 che benvenuto<\/h2>\n<p>Presso S\u00e5ndg\u00f8ld Alpine Glamping, il vostro cane \u00e8 pi\u00f9 che tollerato &#8211; \u00e8 calorosamente accolto! L&#8217;Alto Adige offre numerosi sentieri escursionistici e attivit\u00e0 ricreative che potete scoprire insieme al vostro amico a quattro zampe. Scopri di pi\u00f9 sulla nostra offerta per<em>\u00a0Campeggio in Alto Adige con cane.<\/em><\/p>\n<p>&nbsp;<\/p>\n<p>[\/et_pb_text][et_pb_image src=&#8221;https:\/\/www.sandgold.it\/wp-content\/uploads\/2023\/07\/camping-mit-hund-suedtirol-sandgold.jpg&#8221; title_text=&#8221;camping-con-cane-alto-adige-sandgold&#8221; align=&#8221;center&#8221; _builder_version=&#8221;4.21.0&#8243; _module_preset=&#8221;default&#8221; width_tablet=&#8221;90%&#8221; width_phone=&#8221;90%&#8221; width_last_edited=&#8221;on|tablet&#8221; global_colors_info=&#8221;{}&#8221;][\/et_pb_image][et_pb_button button_url=&#8221;http:\/\/booking.sandgold.it\/?skd-language-code=it&#8221; button_text=&#8221;Prenota ora&#8221; button_alignment=&#8221;center&#8221; _builder_version=&#8221;4.21.0&#8243; _module_preset=&#8221;default&#8221; custom_button=&#8221;on&#8221; button_text_color=&#8221;#FFFFFF&#8221; button_border_radius=&#8221;37px&#8221; button_icon=&#8221;&#xe01c;||divi||400&#8243; button_icon_color=&#8221;#FFFFFF&#8221; custom_margin=&#8221;30px||30px||false|false&#8221; custom_padding=&#8221;||||false|false&#8221; global_colors_info=&#8221;{}&#8221;][\/et_pb_button][\/et_pb_column][\/et_pb_row][\/et_pb_section][et_pb_section fb_built=&#8221;1&#8243; admin_label=&#8221;Subscribe&#8221; _builder_version=&#8221;4.21.0&#8243; _module_preset=&#8221;default&#8221; background_color=&#8221;#3d4f3a&#8221; background_enable_image=&#8221;off&#8221; parallax=&#8221;on&#8221; custom_padding=&#8221;0px||||false|false&#8221; saved_tabs=&#8221;all&#8221; global_colors_info=&#8221;{}&#8221;][et_pb_row custom_padding_last_edited=&#8221;on|tablet&#8221; _builder_version=&#8221;4.21.0&#8243; _module_preset=&#8221;default&#8221; custom_padding=&#8221;||5px||false|false&#8221; custom_padding_tablet=&#8221;50px||||false|false&#8221; custom_padding_phone=&#8221;&#8221; global_colors_info=&#8221;{}&#8221;][et_pb_column type=&#8221;4_4&#8243; _builder_version=&#8221;4.16&#8243; _module_preset=&#8221;default&#8221; custom_padding=&#8221;150px||||false|false&#8221; custom_padding_tablet=&#8221;0px||||false|false&#8221; custom_padding_phone=&#8221;&#8221; custom_padding_last_edited=&#8221;on|tablet&#8221; global_colors_info=&#8221;{}&#8221;][et_pb_image src=&#8221;https:\/\/www.sandgold.it\/wp-content\/uploads\/2023\/05\/Camping-Plan-DEF-Export_b.png&#8221; title_text=&#8221;Camping Plan DEF Export_b&#8221; align=&#8221;center&#8221; _builder_version=&#8221;4.21.0&#8243; _module_preset=&#8221;default&#8221; max_width=&#8221;33%&#8221; max_width_tablet=&#8221;&#8221; max_width_phone=&#8221;&#8221; max_width_last_edited=&#8221;on|phone&#8221; custom_margin=&#8221;0px||||false|false&#8221; custom_padding=&#8221;0px||||false|false&#8221; global_colors_info=&#8221;{}&#8221;][\/et_pb_image][et_pb_text _builder_version=&#8221;4.21.0&#8243; _module_preset=&#8221;default&#8221; header_2_font_size=&#8221;37px&#8221; position_origin_a=&#8221;top_center&#8221; vertical_offset_tablet=&#8221;240px&#8221; vertical_offset_phone=&#8221;200px&#8221; vertical_offset_last_edited=&#8221;on|phone&#8221; text_orientation=&#8221;center&#8221; background_layout=&#8221;dark&#8221; width=&#8221;650px&#8221; width_tablet=&#8221;550px&#8221; width_phone=&#8221;320px&#8221; width_last_edited=&#8221;on|tablet&#8221; max_width_last_edited=&#8221;off|tablet&#8221; module_alignment=&#8221;center&#8221; custom_margin=&#8221;||||false|false&#8221; header_2_font_size_tablet=&#8221;42px&#8221; header_2_font_size_phone=&#8221;26px&#8221; header_2_font_size_last_edited=&#8221;on|phone&#8221; header_2_line_height_tablet=&#8221;&#8221; header_2_line_height_phone=&#8221;1.2em&#8221; header_2_line_height_last_edited=&#8221;on|phone&#8221; locked=&#8221;off&#8221; global_colors_info=&#8221;{}&#8221;]<\/p>\n<h2>Sign Up for Updates &amp; News<\/h2>\n<p>[\/et_pb_text][\/et_pb_column][\/et_pb_row][et_pb_row _builder_version=&#8221;4.16&#8243; _module_preset=&#8221;default&#8221; custom_padding=&#8221;3px|||||&#8221; global_colors_info=&#8221;{}&#8221;][et_pb_column type=&#8221;4_4&#8243; _builder_version=&#8221;4.16&#8243; _module_preset=&#8221;default&#8221; global_colors_info=&#8221;{}&#8221;][et_pb_signup mailchimp_list=&#8221;welcome@sandgoldit|7f5ef337ef&#8221; layout=&#8221;top_bottom&#8221; use_custom_fields=&#8221;on&#8221; _builder_version=&#8221;4.21.0&#8243; _module_preset=&#8221;default&#8221; form_field_background_color=&#8221;#ffffff&#8221; form_field_font=&#8221;Karla||||||||&#8221; form_field_font_size=&#8221;16px&#8221; form_field_line_height=&#8221;1.8em&#8221; use_background_color=&#8221;off&#8221; custom_button=&#8221;on&#8221; button_text_size=&#8221;14px&#8221; button_text_color=&#8221;#ffffff&#8221; button_bg_color=&#8221;#C0AB6A&#8221; button_border_width=&#8221;0px&#8221; button_border_radius=&#8221;0px&#8221; button_letter_spacing=&#8221;2px&#8221; button_font=&#8221;|||on|||||&#8221; button_custom_padding=&#8221;15px|40px|15px|40px|true|true&#8221; max_width=&#8221;50%&#8221; max_width_tablet=&#8221;80%&#8221; max_width_phone=&#8221;&#8221; max_width_last_edited=&#8221;on|phone&#8221; module_alignment=&#8221;center&#8221; form_field_font_size_tablet=&#8221;&#8221; form_field_font_size_phone=&#8221;14px&#8221; form_field_font_size_last_edited=&#8221;on|phone&#8221; border_radii_fields=&#8221;on|0px|0px|0px|0px&#8221; locked=&#8221;off&#8221; global_colors_info=&#8221;{}&#8221;][et_pb_signup_custom_field field_id=&#8221;21d436409c&#8221; field_title=&#8221;Language \/ Sprache \/ Lingua&#8221; field_type=&#8221;checkbox&#8221; checkbox_options=&#8221;%91{%22checked%22:0,%22value%22:%22English%22,%22id%22:%22b64be834bb%22},{%22checked%22:0,%22value%22:%22Deutsch%22,%22id%22:%2237874c00fa%22},{%22checked%22:0,%22value%22:%22Italiano%22,%22id%22:%22688f6e90f9%22}%93&#8243; _builder_version=&#8221;4.21.0&#8243; _module_preset=&#8221;default&#8221; global_colors_info=&#8221;{}&#8221; predefined_field=&#8221;21d436409c&#8221;][\/et_pb_signup_custom_field][\/et_pb_signup][\/et_pb_column][\/et_pb_row][\/et_pb_section]<\/p>\n","protected":false},"excerpt":{"rendered":"<p>S\u00e5ndg\u00f8ld Alpine Glamping offre un&#8217;esperienza di campeggio unica in Alto Adige. Goditi l&#8217;Ahrntal, a Campo Tures, in tutto il suo splendore.<\/p>\n","protected":false},"author":1,"featured_media":0,"parent":240605,"menu_order":90,"comment_status":"closed","ping_status":"closed","template":"","meta":{"_et_pb_use_builder":"on","_et_pb_old_content":"","_et_gb_content_width":"","footnotes":""},"class_list":["post-241388","page","type-page","status-publish","hentry"],"_links":{"self":[{"href":"https:\/\/www.sandgold.it\/it\/wp-json\/wp\/v2\/pages\/241388","targetHints":{"allow":["GET"]}}],"collection":[{"href":"https:\/\/www.sandgold.it\/it\/wp-json\/wp\/v2\/pages"}],"about":[{"href":"https:\/\/www.sandgold.it\/it\/wp-json\/wp\/v2\/types\/page"}],"author":[{"embeddable":true,"href":"https:\/\/www.sandgold.it\/it\/wp-json\/wp\/v2\/users\/1"}],"replies":[{"embeddable":true,"href":"https:\/\/www.sandgold.it\/it\/wp-json\/wp\/v2\/comments?post=241388"}],"version-history":[{"count":5,"href":"https:\/\/www.sandgold.it\/it\/wp-json\/wp\/v2\/pages\/241388\/revisions"}],"predecessor-version":[{"id":243135,"href":"https:\/\/www.sandgold.it\/it\/wp-json\/wp\/v2\/pages\/241388\/revisions\/243135"}],"up":[{"embeddable":true,"href":"https:\/\/www.sandgold.it\/it\/wp-json\/wp\/v2\/pages\/240605"}],"wp:attachment":[{"href":"https:\/\/www.sandgold.it\/it\/wp-json\/wp\/v2\/media?parent=241388"}],"curies":[{"name":"wp","href":"https:\/\/api.w.org\/{rel}","templated":true}]}}