{"id":241060,"date":"2023-06-05T10:07:02","date_gmt":"2023-06-05T10:07:02","guid":{"rendered":"https:\/\/www.sandgold.it\/condizioni-generali\/"},"modified":"2025-11-26T08:52:43","modified_gmt":"2025-11-26T08:52:43","slug":"condizioni-generali","status":"publish","type":"page","link":"https:\/\/www.sandgold.it\/it\/condizioni-generali\/","title":{"rendered":"Condizioni generali"},"content":{"rendered":"<p>[et_pb_section fb_built=&#8221;1&#8243; admin_label=&#8221;About&#8221; module_id=&#8221;content&#8221; _builder_version=&#8221;4.21.0&#8243; _module_preset=&#8221;default&#8221; background_color=&#8221;#5A6C54&#8243; background_enable_image=&#8221;off&#8221; parallax=&#8221;on&#8221; background_pattern_horizontal_offset=&#8221;0%&#8221; background_pattern_vertical_offset=&#8221;0%&#8221; custom_margin=&#8221;||||false|false&#8221; custom_padding=&#8221;||93px|||&#8221; top_divider_color=&#8221;#1a2c2a&#8221; global_colors_info=&#8221;{}&#8221;][et_pb_row _builder_version=&#8221;4.21.0&#8243; _module_preset=&#8221;default&#8221; global_colors_info=&#8221;{}&#8221;][et_pb_column type=&#8221;4_4&#8243; _builder_version=&#8221;4.21.0&#8243; _module_preset=&#8221;default&#8221; global_colors_info=&#8221;{}&#8221;][et_pb_text _builder_version=&#8221;4.21.0&#8243; _module_preset=&#8221;default&#8221; header_font=&#8221;||||||||&#8221; header_text_align=&#8221;center&#8221; background_layout=&#8221;dark&#8221; global_colors_info=&#8221;{}&#8221;]<\/p>\n<h1><strong>Condizioni generali del campeggio S\u00e5ndg\u00f8ld <\/strong><\/h1>\n<p><strong>Condizioni generali per i servizi di campeggio <\/strong><\/p>\n<p>I seguenti termini e condizioni si applicano tra il campeggiatore e il Camping Sandgold, rappresentato da Wieser Nature &amp; Hospitality GmbH (di seguito denominato campeggio). Con la registrazione, l&#8217;ospite del campeggio accetta espressamente il contenuto delle presenti condizioni. Accordi diversi e\/o supplementari richiedono l&#8217;espressa conferma scritta della societ\u00e0 di campeggio.<\/p>\n<ol>\n<li><strong>Conclusione del contratto di campeggio\/prenotazione <\/strong><\/li>\n<\/ol>\n<p>\u00a0Con l&#8217;invio della registrazione scritta, il campeggiatore fa un&#8217;offerta vincolante al campeggio per la stipula di un contratto di campeggio per il periodo indicato e per il numero di persone registrate. Il contratto di campeggio si conclude solo con la conferma scritta della prenotazione da parte del campeggio. Non esiste alcun diritto a una determinata piazzola. Le informazioni fornite telefonicamente, gli accordi sussidiari e le altre garanzie di qualsiasi tipo fanno parte del contratto solo se sono state confermate per iscritto dal campeggio.<\/p>\n<ol start=\"2\">\n<li><strong>Prenotazione \/ Prezzi <\/strong><\/li>\n<\/ol>\n<p>\u00a0I prezzi a carico del campeggiatore sono indicati nel listino prezzi in vigore del campeggio. \u00c8 responsabilit\u00e0 del campeggiatore informarsi sui prezzi validi per il periodo di registrazione prima della prenotazione. Tutti i prezzi si intendono al giorno per il periodo indicato. I prezzi sono soggetti a variazioni senza preavviso, salvo errori e omissioni.<\/p>\n<p>I prezzi del soggiorno comprendono 2 adulti a testa.<\/p>\n<p>Se 1 adulto porta un bambino, si paga il prezzo normale per 2 adulti. Se due adulti portano un bambino, il bambino (fino a 14 anni) paga solo il prezzo ridotto.<\/p>\n<p>Il soggiorno minimo per le piazzole \u00e8 di 1 notte.<\/p>\n<p>Il soggiorno minimo per gli chalet \u00e8 di 2 notti in bassa e media stagione e di 4 notti in alta stagione.<\/p>\n<p>Ci riserviamo il diritto di modificare il soggiorno minimo in base all&#8217;occupazione.<\/p>\n<p>Dopo aver ricevuto la conferma della prenotazione, vi preghiamo di verificarne immediatamente la correttezza! La societ\u00e0 di campeggio si riserva il diritto di apportare modifiche equivalenti alla prenotazione se ci\u00f2 \u00e8 necessario per motivi particolari. Le iscrizioni\/prenotazioni di persone di et\u00e0 inferiore ai 18 anni non sono consentite e saranno annullate dal campeggio.<\/p>\n<p>La prenotazione del campeggiatore \u00e8 vincolante solo dopo il ricevimento della caparra.<\/p>\n<ol start=\"3\">\n<li><strong>Clausola di modifica dei prezzi <\/strong><\/li>\n<\/ol>\n<p>\u00a0L&#8217;azienda ha il diritto di adeguare il rispettivo listino prezzi al massimo una volta al trimestre alle mutate condizioni di mercato, in caso di variazioni significative dei costi di consumo\/approvvigionamento o di variazioni dell&#8217;IVA. In caso di aumenti dei prezzi che superino in modo sostanziale il regolare aumento del costo della vita, l&#8217;ospite avr\u00e0 il diritto di rescindere il contratto. In questi casi, l&#8217;azienda lo informer\u00e0 per iscritto.<\/p>\n<ol start=\"4\">\n<li><strong>Tassa di soggiorno <\/strong><\/li>\n<\/ol>\n<p>\u00a0Il campeggio \u00e8 tenuto a riscuotere e pagare la rispettiva tassa termale dai campeggiatori (tassa termale secondo lo statuto della Provincia di Bolzano, BZ). L&#8217;importo da pagare \u00e8 indicato separatamente nel conto totale.<\/p>\n<ol start=\"5\">\n<li><strong>Cambio di persone <\/strong><\/li>\n<\/ol>\n<p>\u00a0Il cambio di persone non \u00e8 consentito durante il periodo di viaggio prenotato. Per questo \u00e8 sempre necessaria una prenotazione separata.<\/p>\n<ol start=\"6\">\n<li><strong>Modifiche del contratto\/modifiche della prenotazione <\/strong><\/li>\n<\/ol>\n<p>\u00a0Per i cambi di contratto\/di prenotazione di qualsiasi tipo, verr\u00e0 addebitata una tassa di elaborazione di 15,00 \u20ac. Le prenotazioni con caparra versata possono essere riproposte solo per lo stesso anno solare. I cambi di prenotazione possono essere accettati solo se esiste la possibilit\u00e0 di un cambiamento.<\/p>\n<ol start=\"7\">\n<li><strong>Obbligo generale di utilizzo <\/strong><\/li>\n<\/ol>\n<p>\u00a0Una piazzola pu\u00f2 essere occupata da un massimo di 6 persone. Le tende aggiuntive sono soggette a registrazione e a pagamento.<\/p>\n<ol start=\"8\">\n<li><strong>Acconto\/modifica della prenotazione\/modifica della prenotazione <\/strong><\/li>\n<\/ol>\n<p>\u00a0Al completamento della prenotazione, il 50% del totale del soggiorno deve essere pagato in anticipo. Per<\/p>\n<p>cambio di prenotazione \/ modifica della prenotazione \u00e8 necessario pagare una tassa di 15 \u20ac.<\/p>\n<ol start=\"9\">\n<li><strong>Recesso da parte del campeggiatore <\/strong><\/li>\n<\/ol>\n<p>\u00a0Il campeggiatore pu\u00f2 recedere dal contratto di campeggio per iscritto dopo aver ricevuto la caparra\/la quota di prenotazione. La data di ricevimento della comunicazione scritta di recesso da parte del campeggio \u00e8 determinante per la data di recesso. Se il campeggiatore recede dal contratto, il campeggio ha diritto a un risarcimento come segue:<\/p>\n<p>&#8211; In caso di cancellazione 7 giorni o pi\u00f9 prima dell&#8217;arrivo, verr\u00e0 addebitato il 50% del prezzo totale.<\/p>\n<p>&#8211; In caso di no-show, partenza anticipata e\/o arrivo posticipato, verranno addebitati tutti i giorni prenotati.<\/p>\n<p>A seconda della stagione e della situazione delle prenotazioni, ci riserviamo il diritto di modificare le condizioni di cancellazione.<\/p>\n<p>\u00c8 richiesta una carta di credito a garanzia della prenotazione.<\/p>\n<p>Per evitare spese di annullamento, si consiglia di stipulare un&#8217;assicurazione contro l&#8217;annullamento del viaggio.<\/p>\n<p>Non \u00e8 previsto alcun rimborso in caso di partenza anticipata.<\/p>\n<ol start=\"10\">\n<li><strong>Mancata presentazione \/ arrivo in ritardo <\/strong><\/li>\n<\/ol>\n<p>\u00a0In caso di arrivo dopo l&#8217;orario di chiusura della reception (stagionale), \u00e8 necessaria una notifica all&#8217;indirizzo welcome@sandgold.it. In caso contrario, la piazzola\/locazione verr\u00e0 assegnata a qualcun altro il giorno successivo a partire dalle ore 15.00. Sono esclusi i rimborsi dei pagamenti gi\u00e0 effettuati (punto 8).<\/p>\n<ol start=\"11\">\n<li><strong>Assicurazione contro l&#8217;annullamento del viaggio <\/strong><\/li>\n<\/ol>\n<p>\u00a0Il campeggio consiglia di stipulare un&#8217;assicurazione contro l&#8217;annullamento del viaggio. \u00c8 attiva la Europ\u00e4ische Reiseversicherung, che addebita circa il 6% del valore della prenotazione e che viene proposta durante il processo di prenotazione. Si prega di notare le informazioni.<\/p>\n<ol start=\"12\">\n<li><strong>Arrivo e partenza <\/strong><\/li>\n<\/ol>\n<p>La piazzola riservata \u00e8 a vostra disposizione dalle ore 15.00 del giorno di arrivo. Se arrivate dopo le 19.00, vi preghiamo di comunicarcelo. Il giorno della partenza, vi preghiamo di liberare la piazzola entro le ore 11.30.\u00a0<\/p>\n<p>Lo chalet riservato sar\u00e0 a vostra disposizione dalle ore 15.00 del giorno di arrivo. Se arrivate dopo le 19.00, vi preghiamo di comunicarcelo. Il giorno della partenza, vi chiediamo gentilmente di liberare lo chalet entro le ore 10.00.<\/p>\n<p>In caso di partenza tardiva, la giornata sar\u00e0 addebitata in entrambi i casi.<\/p>\n<ol start=\"13\">\n<li><strong>Regolamento del campeggio\/riposo notturno <\/strong><\/li>\n<\/ol>\n<p>\u00a0L&#8217;ospite del campeggio \u00e8 tenuto a rispettare le norme e le disposizioni del regolamento del campeggio, disponibile alla reception. In particolare, \u00e8 necessario rispettare gli orari ivi indicati.<\/p>\n<p>Il riposo notturno va dalle 22:00 alle 7:00. Si prega di rispettare questo orario di silenzio e di non disturbare i vicini con musica ad alto volume, conversazioni ad alta voce o rumore di motori. La vacanza deve essere rilassante e senza stress per tutti.<\/p>\n<p>La societ\u00e0 di campeggio ha il diritto di rescindere il contratto di campeggio senza preavviso se il comportamento del campeggiatore mette in pericolo gli altri o provoca un disturbo duraturo, o se si comporta in modo contrario al contratto in misura tale da giustificare la rescissione immediata del contratto. In tal caso, il campeggiatore conserva il diritto al prezzo totale concordato come risarcimento forfettario ai sensi del punto nove (9).<\/p>\n<ol start=\"14\">\n<li><strong>Registrazione\/Braccialetti di accesso <\/strong><\/li>\n<\/ol>\n<p>\u00a0All&#8217;arrivo, i campeggiatori riceveranno uno o pi\u00f9 braccialetti di accesso ai cancelli\/oggetti di noleggio del campeggio. Questi danno diritto al passaggio solo alle persone registrate.\u00a0<\/p>\n<p>Il braccialetto pu\u00f2 essere utilizzato anche come mezzo di pagamento nel nostro bar\/bistrot.\u00a0<\/p>\n<p>Il pagamento verr\u00e0 effettuato alla reception al momento della partenza.<\/p>\n<p>In caso di smarrimento di una tessera di accesso rilasciata, sar\u00e0 dovuto un risarcimento forfettario di 25,00 \u20ac ciascuno.<\/p>\n<ol start=\"15\">\n<li><strong>Visitatori <\/strong><\/li>\n<\/ol>\n<p>\u00a0L&#8217;ospite del campeggio \u00e8 tenuto a registrare i visitatori alla reception. I prezzi per i visitatori devono essere richiesti alla reception. I veicoli dei visitatori devono essere parcheggiati fuori dall&#8217;area del campeggio.<\/p>\n<ol start=\"16\">\n<li><strong>Wifi <\/strong><\/li>\n<\/ol>\n<p>\u00a0Il wifi \u00e8 disponibile gratuitamente in tutta la struttura.<\/p>\n<ol start=\"17\">\n<li><strong>Servizi igienici: <\/strong><\/li>\n<\/ol>\n<p>\u00a0I nostri servizi igienici si trovano nel seminterrato dell&#8217;edificio principale e sono aperti 24 ore su 24 per voi. Ci impegniamo sempre per la pulizia e l&#8217;igiene. Vi preghiamo di lasciare tutto come vorreste trovarlo.<\/p>\n<p>Abbiamo anche 8 bagni privati per una maggiore privacy. Questi possono essere prenotati al giorno.<\/p>\n<ol start=\"18\">\n<li><strong>Raccolta differenziata <\/strong><\/li>\n<\/ol>\n<p>\u00a0Vi chiediamo di separare accuratamente i vostri rifiuti e di smaltirli negli appositi contenitori (all&#8217;uscita): vetro, carta, metallo, bottiglie di plastica, Tetra Pak, cartone, rifiuti residui.<\/p>\n<ol start=\"19\">\n<li><strong>Difetti \/ Reclami <\/strong><\/li>\n<\/ol>\n<p>\u00a0Eventuali reclami riguardanti il campeggio o l&#8217;alloggio affittato devono essere segnalati immediatamente al campeggio dal campeggiatore. \u00c8 esclusa la rivendicazione di diritti per difetti se questi non sono stati denunciati direttamente al campeggio durante il soggiorno del campeggiatore. Al campeggio deve essere concesso un periodo di tempo ragionevole per rimediare al difetto (rettifica).<\/p>\n<ol start=\"20\">\n<li><strong>Regole <\/strong><\/li>\n<\/ol>\n<p>\u00a0Non sono ammessi:<\/p>\n<p>\u00a0Piscine in campo, smaltimento di rifiuti ingombranti, hoverboard sui sentieri asfaltati, parcheggiare\/guidare veicoli di qualsiasi tipo negli edifici e nell&#8217;area d&#8217;ingresso, fuochi aperti, lasciare sassi\/pioli di tende\/rifiuti in campo, consegna di pacchi, utilizzo di altre piazzole, martellare i pioli sugli alberi, guida veloce, inquinamento acustico.<\/p>\n<p>scavare, scavare, tirare le grondaie della pioggia sulla piazzola<\/p>\n<p>diverse tende da sole, tappeti di qualsiasi tipo\/dimensione davanti alle tende da sole<\/p>\n<p>rivestimenti per pavimenti impermeabili all&#8217;aria\/all&#8217;acqua nei tendalini<\/p>\n<p>parcheggiare la roulotte o il camper al di fuori dell&#8217;area pavimentata del campeggio<\/p>\n<p>consentire l&#8217;accesso al campeggio a persone non registrate<\/p>\n<p>ricarica di veicoli elettrici\/ibridi a spina, nonch\u00e9 riscaldamento con stufe elettriche nella tenda da sole. In caso di inosservanza si applica una tassa di 100,00 \u20ac. In caso di ripetuta inosservanza, ci riserviamo il diritto di espellere l&#8217;ospite dal campeggio.\u00a0<\/p>\n<p>I fuochi aperti sono vietati a causa del pericolo di incendio. Ad eccezione delle griglie su rastrelliera.<\/p>\n<ol start=\"21\">\n<li><strong>Dati multimediali \/ Protezione dei dati <\/strong><\/li>\n<\/ol>\n<p>\u00a0L&#8217;attivit\u00e0 del campeggio \u00e8 monitorata nelle aree critiche da telecamere. Ci\u00f2 serve a garantire la sicurezza dei campeggiatori (rilevamento e prevenzione dei pericoli per la sicurezza), a proteggere la propriet\u00e0 e i beni, a controllare le autorizzazioni di accesso e a esercitare i diritti di domicilio. Le registrazioni saranno valutate solo se necessarie e saranno conservati solo i dati necessari fino a quando non saranno chiariti. I dati non vengono trasmessi a terzi. Le registrazioni video vengono regolarmente cancellate in modo automatico ai sensi del \u00a7 6b BDSG. Inoltre, il dispositivo di registrazione \u00e8 protetto dall&#8217;accesso di terzi non autorizzati mediante misure adeguate ai sensi del \u00a7 9 BDSG.<\/p>\n<p>A intervalli regolari, il campeggio effettua registrazioni video e audio all&#8217;interno della struttura. Se l&#8217;ospite del campeggio non desidera che ci\u00f2 avvenga, deve informare immediatamente il fotografo o il team di ripresa.<\/p>\n<p>Il campeggio raccoglie, elabora e utilizza questi dati per l&#8217;ordine di prenotazione e per i propri scopi di marketing nel quadro delle norme di legge. I dati non saranno trasmessi a terzi al di fuori dell&#8217;ambito della prenotazione. Il campeggio sar\u00e0 lieto di fornire all&#8217;ospite informazioni sui suoi dati o di bloccarli con effetto per il futuro.<\/p>\n<ol start=\"22\">\n<li><strong>Animali domestici <\/strong><\/li>\n<\/ol>\n<p><strong>Piazzole:<\/strong><\/p>\n<p>Gli animali domestici sono i benvenuti nel nostro campeggio. Vi chiediamo di tenere sempre il vostro cane al guinzaglio corto e di provvedere personalmente allo smaltimento dei suoi rifiuti (i sacchetti per le deiezioni canine sono disponibili all&#8217;uscita).<\/p>\n<p>Il costo \u00e8 di \u20ac 8,00 per cane al giorno.<\/p>\n<p>I cani non sono ammessi nei servizi igienici.<\/p>\n<p><strong>Chalet:<\/strong><\/p>\n<p>I cani sono i benvenuti nei nostri <strong>Adventure Chalet.<\/strong> Il supplemento \u00e8 di 25 \u20ac per cane a notte.<\/p>\n<ol start=\"23\">\n<li><strong>Responsabilit\u00e0 <\/strong><\/li>\n<\/ol>\n<p>\u00a0La societ\u00e0 di campeggio \u00e8 responsabile solo in caso di dolo o colpa grave da parte del suo rappresentante legale o dell&#8217;agente vicario in conformit\u00e0 alle disposizioni di legge. A parte ci\u00f2, il campeggio risponde solo in caso di danni alla vita, al corpo o alla salute. Questo vale per tutte le richieste di risarcimento danni (in particolare per i danni in aggiunta alla prestazione e per i danni in sostituzione della prestazione), a prescindere dai motivi legali, in particolare a causa della violazione dei doveri derivanti dall&#8217;obbligo contrattuale o da un illecito. Il campeggio risponde solo per la caduta di rami o simili nell&#8217;ambito dell&#8217;assicurazione di responsabilit\u00e0 civile esistente. Non \u00e8 prevista alcuna richiesta di risarcimento per danni dovuti a cause di forza maggiore.<\/p>\n<ol start=\"24\">\n<li><strong>Compensazione <\/strong><\/li>\n<\/ol>\n<p>\u00a0L&#8217;ospite del campeggio pu\u00f2 compensare solo i crediti non contestati o accertati legalmente.<\/p>\n<ol start=\"25\">\n<li><strong>Errori <\/strong><\/li>\n<\/ol>\n<p>\u00a0La societ\u00e0 di campeggi si riserva il diritto di correggere gli errori o gli errori di stampa e di calcolo.<\/p>\n<ol start=\"26\">\n<li><strong>Tribunale di competenza <\/strong><\/li>\n<\/ol>\n<p>\u00a0Il campeggiatore pu\u00f2 citare in giudizio il campeggio solo presso la sua sede legale. Il luogo di residenza del campeggiatore \u00e8 determinante per l&#8217;azione legale del campeggio, a meno che l&#8217;azione non sia diretta contro commercianti registrati o persone che non hanno un foro generale in Germania, o contro persone che hanno trasferito il loro domicilio o la loro dimora abituale all&#8217;estero dopo la stipula del contratto, o il cui domicilio o la cui dimora abituale non sono noti al momento della proposizione dell&#8217;azione. In questi casi \u00e8 determinante la sede legale della societ\u00e0 campeggiatrice.<\/p>\n<p>[\/et_pb_text][\/et_pb_column][\/et_pb_row][\/et_pb_section][et_pb_section fb_built=&#8221;1&#8243; admin_label=&#8221;Testimonial&#8221; _builder_version=&#8221;4.21.0&#8243; _module_preset=&#8221;default&#8221; background_color=&#8221;#5A6C54&#8243; custom_padding=&#8221;0px|||||&#8221; global_colors_info=&#8221;{}&#8221;][et_pb_row column_structure=&#8221;1_4,3_4&#8243; _builder_version=&#8221;4.21.0&#8243; _module_preset=&#8221;default&#8221; global_colors_info=&#8221;{}&#8221;][et_pb_column type=&#8221;1_4&#8243; _builder_version=&#8221;4.21.0&#8243; _module_preset=&#8221;default&#8221; global_colors_info=&#8221;{}&#8221;][et_pb_text _builder_version=&#8221;4.21.0&#8243; _module_preset=&#8221;4deaa1a6-d0cd-49d0-ada3-8dc22addd086&#8243; header_4_font=&#8221;Urbanist|800||on|||||&#8221; header_4_text_color=&#8221;#7C8B56&#8243; header_4_font_size=&#8221;16px&#8221; header_4_letter_spacing=&#8221;0.4em&#8221; header_4_line_height=&#8221;1.4em&#8221; custom_margin=&#8221;||0px||false|false&#8221; header_4_font_size_tablet=&#8221;14px&#8221; header_4_font_size_phone=&#8221;12px&#8221; header_4_font_size_last_edited=&#8221;on|desktop&#8221; locked=&#8221;off&#8221; global_colors_info=&#8221;{}&#8221;]<\/p>\n<h4>non vediamo l\u2019ora<\/h4>\n<p>[\/et_pb_text][\/et_pb_column][et_pb_column type=&#8221;3_4&#8243; _builder_version=&#8221;4.16&#8243; _module_preset=&#8221;default&#8221; global_colors_info=&#8221;{}&#8221;][et_pb_text _builder_version=&#8221;4.21.0&#8243; _module_preset=&#8221;32021f09-dd67-47fb-8f9a-832b72a38baf&#8221; header_text_color=&#8221;#FFFFFF&#8221; header_2_font=&#8221;||||||||&#8221; header_2_text_color=&#8221;#C0AB6A&#8221; header_2_font_size=&#8221;32px&#8221; header_2_letter_spacing=&#8221;-0.02em&#8221; header_2_line_height=&#8221;1.2em&#8221; background_layout=&#8221;dark&#8221; custom_margin=&#8221;||10px||false|false&#8221; header_2_font_size_tablet=&#8221;32px&#8221; header_2_font_size_phone=&#8221;20px&#8221; header_2_font_size_last_edited=&#8221;on|phone&#8221; locked=&#8221;off&#8221; global_colors_info=&#8221;{}&#8221;]<\/p>\n<h2>&#8220;Entra a far parte della nostra famiglia S\u00e5ndg\u00f8ld e vivi momenti indimenticabili immerso nella natura. Non vediamo l\u2019ora!&#8221;<\/h2>\n<p>[\/et_pb_text][\/et_pb_column][\/et_pb_row][\/et_pb_section][et_pb_section fb_built=&#8221;1&#8243; admin_label=&#8221;Subscribe&#8221; _builder_version=&#8221;4.21.0&#8243; _module_preset=&#8221;default&#8221; background_color=&#8221;#3d4f3a&#8221; background_enable_image=&#8221;off&#8221; parallax=&#8221;on&#8221; custom_padding=&#8221;0px||||false|false&#8221; saved_tabs=&#8221;all&#8221; global_colors_info=&#8221;{}&#8221;][et_pb_row custom_padding_last_edited=&#8221;on|tablet&#8221; _builder_version=&#8221;4.21.0&#8243; _module_preset=&#8221;default&#8221; custom_padding=&#8221;||5px||false|false&#8221; custom_padding_tablet=&#8221;50px||||false|false&#8221; custom_padding_phone=&#8221;&#8221; global_colors_info=&#8221;{}&#8221;][et_pb_column type=&#8221;4_4&#8243; _builder_version=&#8221;4.16&#8243; _module_preset=&#8221;default&#8221; custom_padding=&#8221;150px||||false|false&#8221; custom_padding_tablet=&#8221;0px||||false|false&#8221; custom_padding_phone=&#8221;&#8221; custom_padding_last_edited=&#8221;on|tablet&#8221; global_colors_info=&#8221;{}&#8221;][et_pb_image src=&#8221;https:\/\/www.sandgold.it\/wp-content\/uploads\/2023\/05\/Camping-Plan-DEF-Export_b.png&#8221; title_text=&#8221;Camping Plan DEF Export_b&#8221; align=&#8221;center&#8221; _builder_version=&#8221;4.21.0&#8243; _module_preset=&#8221;default&#8221; max_width=&#8221;33%&#8221; max_width_tablet=&#8221;&#8221; max_width_phone=&#8221;&#8221; max_width_last_edited=&#8221;on|phone&#8221; custom_margin=&#8221;0px||||false|false&#8221; custom_padding=&#8221;0px||||false|false&#8221; global_colors_info=&#8221;{}&#8221;][\/et_pb_image][et_pb_text _builder_version=&#8221;4.21.0&#8243; _module_preset=&#8221;default&#8221; header_2_font_size=&#8221;37px&#8221; position_origin_a=&#8221;top_center&#8221; vertical_offset_tablet=&#8221;240px&#8221; vertical_offset_phone=&#8221;200px&#8221; vertical_offset_last_edited=&#8221;on|phone&#8221; text_orientation=&#8221;center&#8221; background_layout=&#8221;dark&#8221; width=&#8221;650px&#8221; width_tablet=&#8221;550px&#8221; width_phone=&#8221;320px&#8221; width_last_edited=&#8221;on|tablet&#8221; max_width_last_edited=&#8221;off|tablet&#8221; module_alignment=&#8221;center&#8221; custom_margin=&#8221;||||false|false&#8221; header_2_font_size_tablet=&#8221;42px&#8221; header_2_font_size_phone=&#8221;26px&#8221; header_2_font_size_last_edited=&#8221;on|phone&#8221; header_2_line_height_tablet=&#8221;&#8221; header_2_line_height_phone=&#8221;1.2em&#8221; header_2_line_height_last_edited=&#8221;on|phone&#8221; locked=&#8221;off&#8221; global_colors_info=&#8221;{}&#8221;]<\/p>\n<h2>Sign Up for Updates &amp; News<\/h2>\n<p>[\/et_pb_text][\/et_pb_column][\/et_pb_row][et_pb_row _builder_version=&#8221;4.16&#8243; _module_preset=&#8221;default&#8221; custom_padding=&#8221;3px|||||&#8221; global_colors_info=&#8221;{}&#8221;][et_pb_column type=&#8221;4_4&#8243; _builder_version=&#8221;4.16&#8243; _module_preset=&#8221;default&#8221; global_colors_info=&#8221;{}&#8221;][et_pb_signup mailchimp_list=&#8221;welcome@sandgoldit|7f5ef337ef&#8221; layout=&#8221;top_bottom&#8221; use_custom_fields=&#8221;on&#8221; _builder_version=&#8221;4.21.0&#8243; _module_preset=&#8221;default&#8221; form_field_background_color=&#8221;#ffffff&#8221; form_field_font=&#8221;Karla||||||||&#8221; form_field_font_size=&#8221;16px&#8221; form_field_line_height=&#8221;1.8em&#8221; use_background_color=&#8221;off&#8221; custom_button=&#8221;on&#8221; button_text_size=&#8221;14px&#8221; button_text_color=&#8221;#ffffff&#8221; button_bg_color=&#8221;#C0AB6A&#8221; button_border_width=&#8221;0px&#8221; button_border_radius=&#8221;0px&#8221; button_letter_spacing=&#8221;2px&#8221; button_font=&#8221;|||on|||||&#8221; button_custom_padding=&#8221;15px|40px|15px|40px|true|true&#8221; max_width=&#8221;50%&#8221; max_width_tablet=&#8221;80%&#8221; max_width_phone=&#8221;&#8221; max_width_last_edited=&#8221;on|phone&#8221; module_alignment=&#8221;center&#8221; form_field_font_size_tablet=&#8221;&#8221; form_field_font_size_phone=&#8221;14px&#8221; form_field_font_size_last_edited=&#8221;on|phone&#8221; border_radii_fields=&#8221;on|0px|0px|0px|0px&#8221; locked=&#8221;off&#8221; global_colors_info=&#8221;{}&#8221;][et_pb_signup_custom_field field_id=&#8221;21d436409c&#8221; field_title=&#8221;Language \/ Sprache \/ Lingua&#8221; field_type=&#8221;checkbox&#8221; checkbox_options=&#8221;%91{%22checked%22:0,%22value%22:%22English%22,%22id%22:%22b64be834bb%22},{%22checked%22:0,%22value%22:%22Deutsch%22,%22id%22:%2237874c00fa%22},{%22checked%22:0,%22value%22:%22Italiano%22,%22id%22:%22688f6e90f9%22}%93&#8243; _builder_version=&#8221;4.21.0&#8243; _module_preset=&#8221;default&#8221; global_colors_info=&#8221;{}&#8221; predefined_field=&#8221;21d436409c&#8221;][\/et_pb_signup_custom_field][\/et_pb_signup][\/et_pb_column][\/et_pb_row][\/et_pb_section]<\/p>\n","protected":false},"excerpt":{"rendered":"<p>Condizioni generali del campeggio S\u00e5ndg\u00f8ld Condizioni generali per i servizi di campeggio I seguenti termini e condizioni si applicano tra il campeggiatore e il Camping Sandgold, rappresentato da Wieser Nature &amp; Hospitality GmbH (di seguito denominato campeggio). Con la registrazione, l&#8217;ospite del campeggio accetta espressamente il contenuto delle presenti condizioni. Accordi diversi e\/o supplementari richiedono [&hellip;]<\/p>\n","protected":false},"author":1,"featured_media":0,"parent":0,"menu_order":100,"comment_status":"closed","ping_status":"closed","template":"","meta":{"_et_pb_use_builder":"on","_et_pb_old_content":"","_et_gb_content_width":"","footnotes":""},"class_list":["post-241060","page","type-page","status-publish","hentry"],"_links":{"self":[{"href":"https:\/\/www.sandgold.it\/it\/wp-json\/wp\/v2\/pages\/241060","targetHints":{"allow":["GET"]}}],"collection":[{"href":"https:\/\/www.sandgold.it\/it\/wp-json\/wp\/v2\/pages"}],"about":[{"href":"https:\/\/www.sandgold.it\/it\/wp-json\/wp\/v2\/types\/page"}],"author":[{"embeddable":true,"href":"https:\/\/www.sandgold.it\/it\/wp-json\/wp\/v2\/users\/1"}],"replies":[{"embeddable":true,"href":"https:\/\/www.sandgold.it\/it\/wp-json\/wp\/v2\/comments?post=241060"}],"version-history":[{"count":11,"href":"https:\/\/www.sandgold.it\/it\/wp-json\/wp\/v2\/pages\/241060\/revisions"}],"predecessor-version":[{"id":244181,"href":"https:\/\/www.sandgold.it\/it\/wp-json\/wp\/v2\/pages\/241060\/revisions\/244181"}],"wp:attachment":[{"href":"https:\/\/www.sandgold.it\/it\/wp-json\/wp\/v2\/media?parent=241060"}],"curies":[{"name":"wp","href":"https:\/\/api.w.org\/{rel}","templated":true}]}}