{"id":240617,"date":"2023-05-04T11:32:47","date_gmt":"2023-05-04T11:32:47","guid":{"rendered":"https:\/\/neu.sandgold.it\/contatto\/"},"modified":"2026-03-01T14:15:44","modified_gmt":"2026-03-01T14:15:44","slug":"contatto","status":"publish","type":"page","link":"https:\/\/www.sandgold.it\/it\/contatto\/","title":{"rendered":"Contatto"},"content":{"rendered":"<p>[et_pb_section fb_built=&#8221;1&#8243; next_background_color=&#8221;#ffffff&#8221; admin_label=&#8221;About&#8221; module_id=&#8221;content&#8221; _builder_version=&#8221;4.21.0&#8243; _module_preset=&#8221;default&#8221; background_color=&#8221;#5A6C54&#8243; background_image=&#8221;https:\/\/neu.sandgold.it\/wp-content\/uploads\/2023\/05\/background-woods-2-1.jpg&#8221; custom_margin=&#8221;||||false|false&#8221; custom_padding=&#8221;||93px|||&#8221; bottom_divider_style=&#8221;mountains&#8221; global_colors_info=&#8221;{}&#8221;][et_pb_row _builder_version=&#8221;4.21.0&#8243; _module_preset=&#8221;default&#8221; max_width=&#8221;700px&#8221; module_alignment=&#8221;center&#8221; custom_padding=&#8221;||2px|||&#8221; scroll_fade_enable=&#8221;on&#8221; global_colors_info=&#8221;{}&#8221;][et_pb_column type=&#8221;4_4&#8243; _builder_version=&#8221;4.16&#8243; _module_preset=&#8221;default&#8221; global_colors_info=&#8221;{}&#8221;][et_pb_text _builder_version=&#8221;4.21.0&#8243; _module_preset=&#8221;default&#8221; header_2_text_color=&#8221;#FFFFFF&#8221; header_2_font_size=&#8221;50px&#8221; text_orientation=&#8221;center&#8221; header_2_font_size_tablet=&#8221;42px&#8221; header_2_font_size_phone=&#8221;26px&#8221; header_2_font_size_last_edited=&#8221;on|phone&#8221; header_2_line_height_tablet=&#8221;&#8221; header_2_line_height_phone=&#8221;1.2em&#8221; header_2_line_height_last_edited=&#8221;on|phone&#8221; global_colors_info=&#8221;{}&#8221;]<\/p>\n<h2>Contatto e arrivo<\/h2>\n<p>[\/et_pb_text][\/et_pb_column][\/et_pb_row][et_pb_row column_structure=&#8221;1_2,1_2&#8243; _builder_version=&#8221;4.21.0&#8243; _module_preset=&#8221;default&#8221; custom_padding=&#8221;||1px|||&#8221; scroll_fade_enable=&#8221;on&#8221; global_colors_info=&#8221;{}&#8221;][et_pb_column type=&#8221;1_2&#8243; _builder_version=&#8221;4.21.0&#8243; _module_preset=&#8221;default&#8221; global_colors_info=&#8221;{}&#8221;][et_pb_text _builder_version=&#8221;4.22.1&#8243; _module_preset=&#8221;default&#8221; text_orientation=&#8221;center&#8221; background_layout=&#8221;dark&#8221; min_height=&#8221;597.5px&#8221; custom_padding=&#8221;||0px|||&#8221; global_colors_info=&#8221;{}&#8221;]<\/p>\n<h3>\u00a0<\/h3>\n<h3>\u00a0<\/h3>\n<h3>\u00a0<\/h3>\n<h3>\u00a0<\/h3>\n<h3>\u00a0<\/h3>\n<h3>\u00a0<\/h3>\n<h3>\u00a0<\/h3>\n<h3>\u00a0<\/h3>\n<h3>\u00a0<\/h3>\n<h3>\u00a0<\/h3>\n<h3>\u00a0<\/h3>\n<h3>\u00a0<\/h3>\n<h3>\u00a0<\/h3>\n<h3>\u00a0<\/h3>\n<h3>\u00a0<\/h3>\n<h3>\u00a0<\/h3>\n<h3>\u00a0<\/h3>\n<h3>\u00a0<\/h3>\n<h3><strong>S\u00e5ndg\u00f8ld Alpine Glamping<\/strong><\/h3>\n<p>&nbsp;<\/p>\n<p>Winkelweg 1, 39032 Sand in Taufers<br \/>\nS\u00fcdtirol, Italien<\/p>\n<p><a href=\"mailto:welcome@sandgold.it\">welcome@sandgold.it<\/a><br \/>\n<a href=\"tel:+390474788008\">+39 0474 788 008<\/a><\/p>\n<p>&nbsp;<\/p>\n<p>&nbsp;<\/p>\n<p>&nbsp;<\/p>\n<p>[\/et_pb_text][\/et_pb_column][et_pb_column type=&#8221;1_2&#8243; _builder_version=&#8221;4.21.0&#8243; _module_preset=&#8221;default&#8221; global_colors_info=&#8221;{}&#8221;][et_pb_code _builder_version=&#8221;4.21.0&#8243; _module_preset=&#8221;default&#8221; global_colors_info=&#8221;{}&#8221;]<pee><iframe loading=\"lazy\" style=\"border: 0;\" src=\"https:\/\/www.google.com\/maps\/embed?pb=!1m18!1m12!1m3!1d2729681.3835670208!2d8.084855149082035!3d48.0773469269024!2m3!1f0!2f0!3f0!3m2!1i1024!2i768!4f13.1!3m3!1m2!1s0x4777f39e89b48889%3A0x7fe3af75d8d76cab!2sSANDGOLD%20Alpine%20Glamping!5e0!3m2!1sde!2sit!4v1680103761534!5m2!1sde!2sit\" width=\"100%\" height=\"600\" allowfullscreen=\"allowfullscreen\"><\/iframe><\/pee>[\/et_pb_code][\/et_pb_column][\/et_pb_row][et_pb_row _builder_version=&#8221;4.21.0&#8243; _module_preset=&#8221;default&#8221; global_colors_info=&#8221;{}&#8221;][et_pb_column type=&#8221;4_4&#8243; _builder_version=&#8221;4.21.0&#8243; _module_preset=&#8221;default&#8221; global_colors_info=&#8221;{}&#8221;][et_pb_accordion open_toggle_background_color=&#8221;#5A6C54&#8243; closed_toggle_background_color=&#8221;#5A6C54&#8243; _builder_version=&#8221;4.21.0&#8243; _module_preset=&#8221;default&#8221; global_colors_info=&#8221;{}&#8221;][et_pb_accordion_item title=&#8221;In auto&#8221; open=&#8221;on&#8221; open_toggle_text_color=&#8221;#FFFFFF&#8221; open_toggle_background_color=&#8221;#5A6C54&#8243; closed_toggle_text_color=&#8221;#FFFFFF&#8221; closed_toggle_background_color=&#8221;#5A6C54&#8243; _builder_version=&#8221;4.21.0&#8243; _module_preset=&#8221;default&#8221; body_text_color=&#8221;#FFFFFF&#8221; global_colors_info=&#8221;{}&#8221; toggle_text_color=&#8221;#FFFFFF&#8221;]<\/p>\n<p>Provenendo dalla A22: uscita Bressanone, direzione Brunico; bypassare Brunico &#8211; uscita Brunico Ost, direzione Valle Aurina sulla SS621; all&#8217;ingresso di Molini di Tures all&#8217;incrocio proseguire dritto, direzione Reinbachwasserf\u00e4lle, proseguire per 2,5 km e poi girare a destra in Winkelweg. Dopo il ponte, il campeggio S\u00e5ndg\u00f8ld si trova sulla sinistra.<\/p>\n<p>Provenendo dal Tirolo Orientale: attraverso la Val Pusteria sulla SS49 fino alla circonvallazione di Brunico &#8211; prendere l&#8217;uscita Brunico Ost, seguire la SS621 verso la Valle Aurina; all&#8217;ingresso di Molini di Tures, proseguire dritto all&#8217;incrocio in direzione Reinbachwasserf\u00e4lle, seguire la strada per 2,5 km e poi svoltare a destra in Winkelweg. Dopo il ponte, il campeggio S\u00e5ndg\u00f8ld si trova sulla sinistra.<\/p>\n<p>[\/et_pb_accordion_item][et_pb_accordion_item title=&#8221;Treno e autobus&#8221; open_toggle_text_color=&#8221;#FFFFFF&#8221; open_toggle_background_color=&#8221;#5A6C54&#8243; closed_toggle_text_color=&#8221;#FFFFFF&#8221; closed_toggle_background_color=&#8221;#5A6C54&#8243; _builder_version=&#8221;4.21.0&#8243; _module_preset=&#8221;default&#8221; body_text_color=&#8221;#FFFFFF&#8221; global_colors_info=&#8221;{}&#8221; toggle_text_color=&#8221;#FFFFFF&#8221; open=&#8221;off&#8221;]<\/p>\n<p>Ottimi collegamenti con la stazione ferroviaria di Brunico; da l\u00ec prendere l&#8217;autobus in direzione Valle Aurina fino a Campo Tures; dalla stazione degli autobus di Campo Tures prendere il Citybus fino alla fermata &#8220;Cascade&#8221;; il campeggio S\u00e5ndg\u00f8ld \u00e8 sulla sinistra, a circa 150 m dalla fermata.<\/p>\n<p>[\/et_pb_accordion_item][et_pb_accordion_item title=&#8221;In aereo&#8221; open_toggle_text_color=&#8221;#FFFFFF&#8221; open_toggle_background_color=&#8221;#5A6C54&#8243; closed_toggle_text_color=&#8221;#FFFFFF&#8221; closed_toggle_background_color=&#8221;#5A6C54&#8243; _builder_version=&#8221;4.21.0&#8243; _module_preset=&#8221;default&#8221; body_text_color=&#8221;#FFFFFF&#8221; global_colors_info=&#8221;{}&#8221; toggle_text_color=&#8221;#FFFFFF&#8221; open=&#8221;off&#8221;]<\/p>\n<p>Aeroporti vicini &#8211; Bolzano 100 km, &#8211; Innsbruck 130 km, &#8211; Treviso 180 km, &#8211; Venezia 200 km, &#8211; Bergamo 310 km, &#8211; Verona 250 km, &#8211; Monaco 300 km.<\/p>\n<p>[\/et_pb_accordion_item][\/et_pb_accordion][\/et_pb_column][\/et_pb_row][\/et_pb_section][et_pb_section fb_built=&#8221;1&#8243; admin_label=&#8221;CTA&#8221; _builder_version=&#8221;4.21.0&#8243; _module_preset=&#8221;default&#8221; use_background_color_gradient=&#8221;on&#8221; background_color_gradient_stops=&#8221;rgba(249,242,237,0.4) 0%|rgba(249,242,237,0.4) 100%&#8221; background_color_gradient_start=&#8221;rgba(249,242,237,0.4)&#8221; background_color_gradient_end=&#8221;rgba(249,242,237,0.4)&#8221; background_image=&#8221;https:\/\/www.sandgold.it\/wp-content\/uploads\/2023\/06\/social-media-background.jpg&#8221; parallax=&#8221;on&#8221; custom_padding=&#8221;10vw||10vw||true|false&#8221; global_colors_info=&#8221;{}&#8221;][et_pb_row custom_padding_last_edited=&#8221;on|tablet&#8221; _builder_version=&#8221;4.21.0&#8243; _module_preset=&#8221;default&#8221; background_color=&#8221;#C0AB6A&#8221; background_image=&#8221;https:\/\/neu.sandgold.it\/wp-content\/uploads\/2023\/05\/meditation-center-09.png&#8221; custom_padding=&#8221;5vw|8vw|5vw|8vw|true|true&#8221; custom_padding_tablet=&#8221;&#8221; custom_padding_phone=&#8221;10vw||10vw||true|true&#8221; box_shadow_style=&#8221;preset1&#8243; box_shadow_vertical=&#8221;25px&#8221; box_shadow_blur=&#8221;85px&#8221; box_shadow_spread=&#8221;-15px&#8221; box_shadow_color=&#8221;rgba(162,103,55,0.3)&#8221; global_colors_info=&#8221;{}&#8221;][et_pb_column type=&#8221;4_4&#8243; _builder_version=&#8221;4.21.0&#8243; _module_preset=&#8221;default&#8221; global_colors_info=&#8221;{}&#8221;][et_pb_text _builder_version=&#8221;4.21.0&#8243; _module_preset=&#8221;default&#8221; header_2_font_size=&#8221;80px&#8221; text_orientation=&#8221;center&#8221; background_layout=&#8221;dark&#8221; header_2_font_size_tablet=&#8221;42px&#8221; header_2_font_size_phone=&#8221;26px&#8221; header_2_font_size_last_edited=&#8221;on|phone&#8221; header_2_line_height_tablet=&#8221;&#8221; header_2_line_height_phone=&#8221;1.2em&#8221; header_2_line_height_last_edited=&#8221;on|phone&#8221; locked=&#8221;off&#8221; global_colors_info=&#8221;{}&#8221;]<\/p>\n<h2>Seguici<\/h2>\n<p>[\/et_pb_text][et_pb_text _builder_version=&#8221;4.21.0&#8243; _module_preset=&#8221;default&#8221; text_text_color=&#8221;rgba(255,255,255,0.7)&#8221; text_font_size=&#8221;16px&#8221; text_line_height=&#8221;1.8em&#8221; text_orientation=&#8221;center&#8221; background_layout=&#8221;dark&#8221; text_font_size_tablet=&#8221;&#8221; text_font_size_phone=&#8221;14px&#8221; text_font_size_last_edited=&#8221;on|phone&#8221; locked=&#8221;off&#8221; global_colors_info=&#8221;{}&#8221;]<\/p>\n<p>Rimani aggiornato e seguici su Instagram<\/p>\n<p>[\/et_pb_text][et_pb_button button_url=&#8221;https:\/\/www.instagram.com\/sandgold_glamping&#8221; url_new_window=&#8221;on&#8221; button_text=&#8221;Instagram&#8221; button_alignment=&#8221;center&#8221; _builder_version=&#8221;4.21.0&#8243; _module_preset=&#8221;default&#8221; custom_button=&#8221;on&#8221; button_text_size=&#8221;14px&#8221; button_text_color=&#8221;#ffffff&#8221; button_bg_color=&#8221;#1E3F3B&#8221; button_border_width=&#8221;0px&#8221; button_border_radius=&#8221;0px&#8221; button_letter_spacing=&#8221;2px&#8221; button_font=&#8221;|||on|||||&#8221; custom_margin=&#8221;||||false|false&#8221; custom_padding=&#8221;15px|40px|15px|40px|true|true&#8221; custom_padding_tablet=&#8221;&#8221; custom_padding_phone=&#8221;20px|50px|20px|50px|true|true&#8221; custom_padding_last_edited=&#8221;on|phone&#8221; locked=&#8221;off&#8221; global_colors_info=&#8221;{}&#8221;][\/et_pb_button][\/et_pb_column][\/et_pb_row][\/et_pb_section][et_pb_section fb_built=&#8221;1&#8243; admin_label=&#8221;Subscribe&#8221; _builder_version=&#8221;4.21.0&#8243; _module_preset=&#8221;default&#8221; background_color=&#8221;#3d4f3a&#8221; background_enable_image=&#8221;off&#8221; parallax=&#8221;on&#8221; custom_padding=&#8221;0px||||false|false&#8221; saved_tabs=&#8221;all&#8221; global_colors_info=&#8221;{}&#8221;][et_pb_row custom_padding_last_edited=&#8221;on|tablet&#8221; _builder_version=&#8221;4.21.0&#8243; _module_preset=&#8221;default&#8221; custom_padding=&#8221;||5px||false|false&#8221; custom_padding_tablet=&#8221;50px||||false|false&#8221; custom_padding_phone=&#8221;&#8221; global_colors_info=&#8221;{}&#8221;][et_pb_column type=&#8221;4_4&#8243; _builder_version=&#8221;4.16&#8243; _module_preset=&#8221;default&#8221; custom_padding=&#8221;150px||||false|false&#8221; custom_padding_tablet=&#8221;0px||||false|false&#8221; custom_padding_phone=&#8221;&#8221; custom_padding_last_edited=&#8221;on|tablet&#8221; global_colors_info=&#8221;{}&#8221;][et_pb_image src=&#8221;https:\/\/www.sandgold.it\/wp-content\/uploads\/2023\/05\/Camping-Plan-DEF-Export_b.png&#8221; title_text=&#8221;Camping Plan DEF Export_b&#8221; align=&#8221;center&#8221; _builder_version=&#8221;4.21.0&#8243; _module_preset=&#8221;default&#8221; max_width=&#8221;33%&#8221; max_width_tablet=&#8221;&#8221; max_width_phone=&#8221;&#8221; max_width_last_edited=&#8221;on|phone&#8221; custom_margin=&#8221;0px||||false|false&#8221; custom_padding=&#8221;0px||||false|false&#8221; global_colors_info=&#8221;{}&#8221;][\/et_pb_image][et_pb_text _builder_version=&#8221;4.21.0&#8243; _module_preset=&#8221;default&#8221; header_2_font_size=&#8221;37px&#8221; position_origin_a=&#8221;top_center&#8221; vertical_offset_tablet=&#8221;240px&#8221; vertical_offset_phone=&#8221;200px&#8221; vertical_offset_last_edited=&#8221;on|phone&#8221; text_orientation=&#8221;center&#8221; background_layout=&#8221;dark&#8221; width=&#8221;650px&#8221; width_tablet=&#8221;550px&#8221; width_phone=&#8221;320px&#8221; width_last_edited=&#8221;on|tablet&#8221; max_width_last_edited=&#8221;off|tablet&#8221; module_alignment=&#8221;center&#8221; custom_margin=&#8221;||||false|false&#8221; header_2_font_size_tablet=&#8221;42px&#8221; header_2_font_size_phone=&#8221;26px&#8221; header_2_font_size_last_edited=&#8221;on|phone&#8221; header_2_line_height_tablet=&#8221;&#8221; header_2_line_height_phone=&#8221;1.2em&#8221; header_2_line_height_last_edited=&#8221;on|phone&#8221; locked=&#8221;off&#8221; global_colors_info=&#8221;{}&#8221;]<\/p>\n<h2>Sign Up for Updates &amp; News<\/h2>\n<p>[\/et_pb_text][\/et_pb_column][\/et_pb_row][et_pb_row _builder_version=&#8221;4.16&#8243; _module_preset=&#8221;default&#8221; custom_padding=&#8221;3px|||||&#8221; global_colors_info=&#8221;{}&#8221;][et_pb_column type=&#8221;4_4&#8243; _builder_version=&#8221;4.16&#8243; _module_preset=&#8221;default&#8221; global_colors_info=&#8221;{}&#8221;][et_pb_signup mailchimp_list=&#8221;welcome@sandgoldit|7f5ef337ef&#8221; layout=&#8221;top_bottom&#8221; use_custom_fields=&#8221;on&#8221; _builder_version=&#8221;4.21.0&#8243; _module_preset=&#8221;default&#8221; form_field_background_color=&#8221;#ffffff&#8221; form_field_font=&#8221;Karla||||||||&#8221; form_field_font_size=&#8221;16px&#8221; form_field_line_height=&#8221;1.8em&#8221; use_background_color=&#8221;off&#8221; custom_button=&#8221;on&#8221; button_text_size=&#8221;14px&#8221; button_text_color=&#8221;#ffffff&#8221; button_bg_color=&#8221;#C0AB6A&#8221; button_border_width=&#8221;0px&#8221; button_border_radius=&#8221;0px&#8221; button_letter_spacing=&#8221;2px&#8221; button_font=&#8221;|||on|||||&#8221; button_custom_padding=&#8221;15px|40px|15px|40px|true|true&#8221; max_width=&#8221;50%&#8221; max_width_tablet=&#8221;80%&#8221; max_width_phone=&#8221;&#8221; max_width_last_edited=&#8221;on|phone&#8221; module_alignment=&#8221;center&#8221; form_field_font_size_tablet=&#8221;&#8221; form_field_font_size_phone=&#8221;14px&#8221; form_field_font_size_last_edited=&#8221;on|phone&#8221; border_radii_fields=&#8221;on|0px|0px|0px|0px&#8221; locked=&#8221;off&#8221; global_colors_info=&#8221;{}&#8221;][et_pb_signup_custom_field field_id=&#8221;21d436409c&#8221; field_title=&#8221;Language \/ Sprache \/ Lingua&#8221; field_type=&#8221;checkbox&#8221; checkbox_options=&#8221;%91{%22checked%22:0,%22value%22:%22English%22,%22id%22:%22b64be834bb%22},{%22checked%22:0,%22value%22:%22Deutsch%22,%22id%22:%2237874c00fa%22},{%22checked%22:0,%22value%22:%22Italiano%22,%22id%22:%22688f6e90f9%22}%93&#8243; _builder_version=&#8221;4.21.0&#8243; _module_preset=&#8221;default&#8221; global_colors_info=&#8221;{}&#8221; predefined_field=&#8221;21d436409c&#8221;][\/et_pb_signup_custom_field][\/et_pb_signup][\/et_pb_column][\/et_pb_row][\/et_pb_section]<\/p>\n","protected":false},"excerpt":{"rendered":"<p>Contatto e arrivo\u00a0 \u00a0 \u00a0 \u00a0 \u00a0 \u00a0 \u00a0 \u00a0 \u00a0 \u00a0 \u00a0 \u00a0 \u00a0 \u00a0 \u00a0 \u00a0 \u00a0 \u00a0 S\u00e5ndg\u00f8ld Alpine Glamping &nbsp; Winkelweg 1, 39032 Sand in Taufers S\u00fcdtirol, Italien welcome@sandgold.it +39 0474 788 008 &nbsp; &nbsp; &nbsp;Provenendo dalla A22: uscita Bressanone, direzione Brunico; bypassare Brunico &#8211; uscita Brunico Ost, direzione Valle Aurina [&hellip;]<\/p>\n","protected":false},"author":1,"featured_media":0,"parent":0,"menu_order":50,"comment_status":"closed","ping_status":"closed","template":"","meta":{"_et_pb_use_builder":"on","_et_pb_old_content":"","_et_gb_content_width":"","footnotes":""},"class_list":["post-240617","page","type-page","status-publish","hentry"],"_links":{"self":[{"href":"https:\/\/www.sandgold.it\/it\/wp-json\/wp\/v2\/pages\/240617","targetHints":{"allow":["GET"]}}],"collection":[{"href":"https:\/\/www.sandgold.it\/it\/wp-json\/wp\/v2\/pages"}],"about":[{"href":"https:\/\/www.sandgold.it\/it\/wp-json\/wp\/v2\/types\/page"}],"author":[{"embeddable":true,"href":"https:\/\/www.sandgold.it\/it\/wp-json\/wp\/v2\/users\/1"}],"replies":[{"embeddable":true,"href":"https:\/\/www.sandgold.it\/it\/wp-json\/wp\/v2\/comments?post=240617"}],"version-history":[{"count":24,"href":"https:\/\/www.sandgold.it\/it\/wp-json\/wp\/v2\/pages\/240617\/revisions"}],"predecessor-version":[{"id":244404,"href":"https:\/\/www.sandgold.it\/it\/wp-json\/wp\/v2\/pages\/240617\/revisions\/244404"}],"wp:attachment":[{"href":"https:\/\/www.sandgold.it\/it\/wp-json\/wp\/v2\/media?parent=240617"}],"curies":[{"name":"wp","href":"https:\/\/api.w.org\/{rel}","templated":true}]}}